{"id":151,"date":"2016-06-23T11:01:42","date_gmt":"2016-06-23T10:01:42","guid":{"rendered":"https:\/\/the7.io\/construction\/?page_id=151"},"modified":"2023-06-27T12:47:12","modified_gmt":"2023-06-27T15:47:12","slug":"equipo","status":"publish","type":"page","link":"https:\/\/www.nomadesurconsultores.cl\/es\/equipo\/","title":{"rendered":"Equipo"},"content":{"rendered":"<section class=\"wpb-content-wrapper\"><div class=\"vc_row wpb_row vc_row-fluid\"><div class=\"wpb_column vc_column_container vc_col-sm-12\"><div class=\"vc_column-inner\"><div class=\"wpb_wrapper\"><style type=\"text\/css\" data-type=\"the7_shortcodes-inline-css\">.dt-team-shortcode.team-masonry-shortcode-id-4f2df816a73911d128d991917f15f1b0 .team-desc {\n  padding: 25px 0px 0px 0px;\n}\n.dt-team-shortcode.team-masonry-shortcode-id-4f2df816a73911d128d991917f15f1b0 .team-author-name,\n.dt-team-shortcode.team-masonry-shortcode-id-4f2df816a73911d128d991917f15f1b0 .team-author-name a {\n  margin-bottom: 0px;\n  font-weight: bold;\n}\n.dt-team-shortcode.team-masonry-shortcode-id-4f2df816a73911d128d991917f15f1b0 .team-author p {\n  margin-bottom: 10px;\n  color: #999999;\n  background: none;\n  font-weight: bold;\n}\n.dt-team-shortcode.team-masonry-shortcode-id-4f2df816a73911d128d991917f15f1b0  .team-media {\n  padding: 0px 0px 0px 0px;\n}\n.dt-team-shortcode.team-masonry-shortcode-id-4f2df816a73911d128d991917f15f1b0 .dt-css-grid .team-media img {\n  max-width: 100%;\n}\n.dt-team-shortcode.team-masonry-shortcode-id-4f2df816a73911d128d991917f15f1b0 .team-content {\n  margin-bottom: 5px;\n}\n.dt-team-shortcode.team-masonry-shortcode-id-4f2df816a73911d128d991917f15f1b0  .team-media,\n.dt-team-shortcode.team-masonry-shortcode-id-4f2df816a73911d128d991917f15f1b0  .team-media a.rollover,\n.dt-team-shortcode.team-masonry-shortcode-id-4f2df816a73911d128d991917f15f1b0  .team-media a.rollover *,\n.dt-team-shortcode.team-masonry-shortcode-id-4f2df816a73911d128d991917f15f1b0  .team-media img {\n  border-radius: 0px;\n}\n.dt-team-shortcode.team-masonry-shortcode-id-4f2df816a73911d128d991917f15f1b0 .soc-ico {\n  margin-bottom: 0px;\n}\n.dt-team-shortcode.team-masonry-shortcode-id-4f2df816a73911d128d991917f15f1b0 .soc-ico a {\n  min-width: 28px;\n  min-height: 28px;\n  font-size: 16px;\n  border-radius: 100px;\n}\n.dt-team-shortcode.team-masonry-shortcode-id-4f2df816a73911d128d991917f15f1b0 .soc-ico a:not(:last-child) {\n  margin-right: 5px;\n}\n.dt-team-shortcode.team-masonry-shortcode-id-4f2df816a73911d128d991917f15f1b0 .soc-ico a:before,\n.dt-team-shortcode.team-masonry-shortcode-id-4f2df816a73911d128d991917f15f1b0 .soc-ico a:after {\n  min-width: 28px;\n  min-height: 28px;\n  padding: inherit;\n}\n.dt-icon-border-on.dt-team-shortcode.team-masonry-shortcode-id-4f2df816a73911d128d991917f15f1b0 .soc-ico a:before {\n  border: 0px solid transparent;\n}\n#main .dt-icon-bg-on.dt-team-shortcode.team-masonry-shortcode-id-4f2df816a73911d128d991917f15f1b0 .soc-ico a:before {\n  background: rgba(0,0,0,0.08);\n  -webkit-box-shadow: none;\n  box-shadow: none;\n}\n.dt-team-shortcode.team-masonry-shortcode-id-4f2df816a73911d128d991917f15f1b0 .soc-ico a:hover {\n  font-size: 16px;\n}\n#page .dt-team-shortcode.team-masonry-shortcode-id-4f2df816a73911d128d991917f15f1b0 .soc-ico a:hover .soc-font-icon {\n  color: #ffffff;\n  background: none;\n}\n.dt-icon-border-hover-on.dt-team-shortcode.team-masonry-shortcode-id-4f2df816a73911d128d991917f15f1b0 .soc-ico a:after {\n  border: 0px solid transparent;\n}\n#page .dt-team-shortcode.team-masonry-shortcode-id-4f2df816a73911d128d991917f15f1b0 .soc-ico a:not(:hover) .soc-font-icon {\n  color: rgba(0,0,0,0.35);\n  background: none;\n}\n.dt-team-shortcode.team-masonry-shortcode-id-4f2df816a73911d128d991917f15f1b0 .soc-ico a .soc-font-icon {\n  font-size: 16px;\n}\n.dt-team-shortcode.team-masonry-shortcode-id-4f2df816a73911d128d991917f15f1b0 .filter-bg-decoration .filter-categories a.act {\n  color: #fff;\n}\n.dt-team-shortcode.team-masonry-shortcode-id-4f2df816a73911d128d991917f15f1b0:not(.resize-by-browser-width) .dt-css-grid {\n  grid-row-gap: 50px;\n  grid-column-gap: 50px;\n  grid-template-columns: repeat(auto-fill,minmax(,1fr));\n}\n.cssgridlegacy.no-cssgrid .dt-team-shortcode.team-masonry-shortcode-id-4f2df816a73911d128d991917f15f1b0:not(.resize-by-browser-width) .dt-css-grid,\n.no-cssgridlegacy.no-cssgrid .dt-team-shortcode.team-masonry-shortcode-id-4f2df816a73911d128d991917f15f1b0:not(.resize-by-browser-width) .dt-css-grid {\n  display: flex;\n  flex-flow: row wrap;\n  margin: -25px;\n}\n.cssgridlegacy.no-cssgrid .dt-team-shortcode.team-masonry-shortcode-id-4f2df816a73911d128d991917f15f1b0:not(.resize-by-browser-width) .dt-css-grid .wf-cell,\n.no-cssgridlegacy.no-cssgrid .dt-team-shortcode.team-masonry-shortcode-id-4f2df816a73911d128d991917f15f1b0:not(.resize-by-browser-width) .dt-css-grid .wf-cell {\n  flex: 1 0 ;\n  max-width: 100%;\n  padding: 25px;\n  box-sizing: border-box;\n}\n.dt-team-shortcode.team-masonry-shortcode-id-4f2df816a73911d128d991917f15f1b0.resize-by-browser-width .dt-css-grid {\n  grid-template-columns: repeat(3,1fr);\n  grid-template-rows: auto;\n  grid-column-gap: 50px;\n  grid-row-gap: 50px;\n}\n.cssgridlegacy.no-cssgrid .dt-team-shortcode.team-masonry-shortcode-id-4f2df816a73911d128d991917f15f1b0.resize-by-browser-width .dt-css-grid,\n.no-cssgridlegacy.no-cssgrid .dt-team-shortcode.team-masonry-shortcode-id-4f2df816a73911d128d991917f15f1b0.resize-by-browser-width .dt-css-grid {\n  margin: -25px;\n}\n.cssgridlegacy.no-cssgrid .dt-team-shortcode.team-masonry-shortcode-id-4f2df816a73911d128d991917f15f1b0.resize-by-browser-width .dt-css-grid .wf-cell,\n.no-cssgridlegacy.no-cssgrid .dt-team-shortcode.team-masonry-shortcode-id-4f2df816a73911d128d991917f15f1b0.resize-by-browser-width .dt-css-grid .wf-cell {\n  width: 33.333333333333%;\n  padding: 25px;\n}\n@media screen and (max-width: 1199px) {\n  .dt-team-shortcode.team-masonry-shortcode-id-4f2df816a73911d128d991917f15f1b0.resize-by-browser-width .dt-css-grid {\n    grid-template-columns: repeat(3,1fr);\n  }\n  .cssgridlegacy.no-cssgrid .dt-team-shortcode.team-masonry-shortcode-id-4f2df816a73911d128d991917f15f1b0.resize-by-browser-width .dt-css-grid .wf-cell,\n  .no-cssgridlegacy.no-cssgrid .dt-team-shortcode.team-masonry-shortcode-id-4f2df816a73911d128d991917f15f1b0.resize-by-browser-width .dt-css-grid .wf-cell {\n    width: 33.333333333333%;\n  }\n}\n@media screen and (max-width: 991px) {\n  .dt-team-shortcode.team-masonry-shortcode-id-4f2df816a73911d128d991917f15f1b0.resize-by-browser-width .dt-css-grid {\n    grid-template-columns: repeat(2,1fr);\n  }\n  .cssgridlegacy.no-cssgrid .dt-team-shortcode.team-masonry-shortcode-id-4f2df816a73911d128d991917f15f1b0.resize-by-browser-width .dt-css-grid .wf-cell,\n  .no-cssgridlegacy.no-cssgrid .dt-team-shortcode.team-masonry-shortcode-id-4f2df816a73911d128d991917f15f1b0.resize-by-browser-width .dt-css-grid .wf-cell {\n    width: 50%;\n  }\n}\n@media screen and (max-width: 767px) {\n  .dt-team-shortcode.team-masonry-shortcode-id-4f2df816a73911d128d991917f15f1b0.resize-by-browser-width .dt-css-grid {\n    grid-template-columns: repeat(1,1fr);\n  }\n  .cssgridlegacy.no-cssgrid .dt-team-shortcode.team-masonry-shortcode-id-4f2df816a73911d128d991917f15f1b0.resize-by-browser-width .dt-css-grid .wf-cell,\n  .no-cssgridlegacy.no-cssgrid .dt-team-shortcode.team-masonry-shortcode-id-4f2df816a73911d128d991917f15f1b0.resize-by-browser-width .dt-css-grid .wf-cell {\n    width: 100%;\n  }\n}\n<\/style><div class=\"dt-team-masonry-shortcode dt-team-shortcode team-masonry-shortcode-id-4f2df816a73911d128d991917f15f1b0 loading-effect-none mode-grid jquery-filter content-align-left dt-css-grid-wrap scale-img dt-css-grid-wrap dt-icon-bg-on dt-icon-border-on dt-icon-hover-bg-on dt-icon-border-hover-on resize-by-browser-width\" data-padding=\"25px\" data-cur-page=\"1\" data-post-limit=\"-1\" data-pagination-mode=\"none\" data-desktop-columns-num=\"3\" data-v-tablet-columns-num=\"2\" data-h-tablet-columns-num=\"3\" data-phone-columns-num=\"1\" data-width=\"0px\" data-columns=\"0\"><div class=\"dt-css-grid\" ><div class=\"visible wf-cell\" data-post-id=\"227\" data-date=\"2023-06-28T18:24:37-03:00\" data-name=\"Maria Olga Hardessen Lagos\"><div class=\"team-container visible post post-227 dt_team type-dt_team status-publish has-post-thumbnail hentry\"><div class=\"team-media\"><span><img fetchpriority=\"high\" decoding=\"async\" class=\"preload-me iso-lazy-load aspect\" src=\"data:image\/svg+xml,%3Csvg%20xmlns%3D&#39;http%3A%2F%2Fwww.w3.org%2F2000%2Fsvg&#39;%20viewBox%3D&#39;0%200%20500%20500&#39;%2F%3E\" data-src=\"https:\/\/www.nomadesurconsultores.cl\/wp-content\/uploads\/2023\/06\/Pochi.png\" data-srcset=\"https:\/\/www.nomadesurconsultores.cl\/wp-content\/uploads\/2023\/06\/Pochi.png 500w\" loading=\"eager\" style=\"--ratio: 500 \/ 500\" sizes=\"(max-width: 500px) 100vw, 500px\" width=\"500\" height=\"500\"  title=\"Pochi\" alt=\"\" \/><\/span><\/div><div class=\"team-desc\"><div class=\"team-author\"><div class=\"team-author-name\">Maria Olga Hardessen Lagos<\/div><p>Gerente General<\/p><\/div><div class=\"team-content\"><p>Gerente General en N\u00f3made Sur consultores,&nbsp; Arque\u00f3loga de la Universidad de Chile y especialista en an\u00e1lisis cer\u00e1mico. Cuenta con m\u00e1s de diez a\u00f1os de experiencia en su disciplina.<\/p>\n<\/div><div class=\"soc-ico\"><a title=\"Linkedin\" href=\"https:\/\/www.linkedin.com\/in\/mar%C3%ADa-olga-lagos-hardessen-04b84b296\/\" target=\"_blank\" class=\"linkedin\"><span class=\"soc-font-icon\"><\/span><span class=\"screen-reader-text\">Linkedin<\/span><\/a><\/div><\/div><\/div><\/div><div class=\"visible wf-cell\" data-post-id=\"221\" data-date=\"2023-06-28T18:23:33-03:00\" data-name=\"Andrea Ponce Laval\"><div class=\"team-container visible post post-221 dt_team type-dt_team status-publish has-post-thumbnail hentry\"><div class=\"team-media\"><span><img decoding=\"async\" class=\"preload-me iso-lazy-load aspect\" src=\"data:image\/svg+xml,%3Csvg%20xmlns%3D&#39;http%3A%2F%2Fwww.w3.org%2F2000%2Fsvg&#39;%20viewBox%3D&#39;0%200%20500%20500&#39;%2F%3E\" data-src=\"https:\/\/www.nomadesurconsultores.cl\/wp-content\/uploads\/2023\/06\/Andrea-Ponce-Laval.webp\" data-srcset=\"https:\/\/www.nomadesurconsultores.cl\/wp-content\/uploads\/2023\/06\/Andrea-Ponce-Laval.webp 500w\" loading=\"eager\" style=\"--ratio: 500 \/ 500\" sizes=\"(max-width: 500px) 100vw, 500px\" width=\"500\" height=\"500\"  title=\"Andrea Ponce Laval\" alt=\"\" \/><\/span><\/div><div class=\"team-desc\"><div class=\"team-author\"><div class=\"team-author-name\">Andrea Ponce Laval<\/div><p>Gerente de Proyectos<\/p><\/div><div class=\"team-content\"><p>Gerente de Proyectos en N\u00f3made Sur consultores, Arque\u00f3loga de la Universidad de Chile y docente de la Universidad Cat\u00f3lica de Temuco. Cuenta con m\u00e1s de 20 a\u00f1os de experiencia en su disciplina.<\/p>\n<\/div><div class=\"soc-ico\"><a title=\"Linkedin\" href=\"https:\/\/www.linkedin.com\/in\/andrea-ponce-ba145959\/\" target=\"_blank\" class=\"linkedin\"><span class=\"soc-font-icon\"><\/span><span class=\"screen-reader-text\">Linkedin<\/span><\/a><\/div><\/div><\/div><\/div><div class=\"visible wf-cell\" data-post-id=\"219\" data-date=\"2023-06-28T18:22:58-03:00\" data-name=\"Paulina Caro L\u00f3pez\"><div class=\"team-container visible post post-219 dt_team type-dt_team status-publish has-post-thumbnail hentry\"><div class=\"team-media\"><span><img decoding=\"async\" class=\"preload-me iso-lazy-load aspect\" src=\"data:image\/svg+xml,%3Csvg%20xmlns%3D&#39;http%3A%2F%2Fwww.w3.org%2F2000%2Fsvg&#39;%20viewBox%3D&#39;0%200%20500%20500&#39;%2F%3E\" data-src=\"https:\/\/www.nomadesurconsultores.cl\/wp-content\/uploads\/2023\/06\/Paulina-Caro-Lopez.webp\" data-srcset=\"https:\/\/www.nomadesurconsultores.cl\/wp-content\/uploads\/2023\/06\/Paulina-Caro-Lopez.webp 500w\" loading=\"eager\" style=\"--ratio: 500 \/ 500\" sizes=\"(max-width: 500px) 100vw, 500px\" width=\"500\" height=\"500\"  title=\"Paulina Caro L\u00f3pez\" alt=\"\" \/><\/span><\/div><div class=\"team-desc\"><div class=\"team-author\"><div class=\"team-author-name\">Paulina Caro L\u00f3pez<\/div><p>Jefa de proyectos<\/p><\/div><div class=\"team-content\"><p>Arque\u00f3loga y Licenciada en Antropolog\u00eda de la Universidad de Chile, Mag\u00edster en estudios de G\u00e9nero y Cultura, con menci\u00f3n en Ciencias Sociales de la Universidad de Chile, especialista en an\u00e1lisis de L\u00edticos y docente en la Universidad Cat\u00f3lica de Temuco. Paulina se desempe\u00f1a como arque\u00f3loga jefa de equipo en campa\u00f1as de rescate y caracterizaci\u00f3n arqueol\u00f3gica. Cuenta con m\u00e1s de diez a\u00f1os de experiencia en su disciplina.<\/p>\n<\/div><div class=\"soc-ico\"><a title=\"Linkedin\" href=\"https:\/\/www.linkedin.com\/in\/paulina-caro-l%C3%B3pez-61785826\/\" target=\"_blank\" class=\"linkedin\"><span class=\"soc-font-icon\"><\/span><span class=\"screen-reader-text\">Linkedin<\/span><\/a><\/div><\/div><\/div><\/div><div class=\"visible wf-cell\" data-post-id=\"218\" data-date=\"2023-06-28T18:21:59-03:00\" data-name=\"Carolina Lagos Carrasco\"><div class=\"team-container visible post post-218 dt_team type-dt_team status-publish has-post-thumbnail hentry\"><div class=\"team-media\"><span><img decoding=\"async\" class=\"preload-me iso-lazy-load aspect\" src=\"data:image\/svg+xml,%3Csvg%20xmlns%3D&#39;http%3A%2F%2Fwww.w3.org%2F2000%2Fsvg&#39;%20viewBox%3D&#39;0%200%20500%20500&#39;%2F%3E\" data-src=\"https:\/\/www.nomadesurconsultores.cl\/wp-content\/uploads\/2023\/06\/Carolina-Lagos-Carrasco.webp\" data-srcset=\"https:\/\/www.nomadesurconsultores.cl\/wp-content\/uploads\/2023\/06\/Carolina-Lagos-Carrasco.webp 500w\" loading=\"eager\" style=\"--ratio: 500 \/ 500\" sizes=\"(max-width: 500px) 100vw, 500px\" width=\"500\" height=\"500\"  title=\"Carolina Lagos Carrasco\" alt=\"\" \/><\/span><\/div><div class=\"team-desc\"><div class=\"team-author\"><div class=\"team-author-name\">Carolina Lagos Carrasco<\/div><p>Jefa de proyectos<\/p><\/div><div class=\"team-content\"><p>Arque\u00f3loga de la Universidad de Chile, especialista en Arqueobot\u00e1nica, co-investigadora del FONDECYT N\u00ba1221825 \u201cOcupaci\u00f3n en la costa del interludio de los r\u00edos Elqui y Huasco (28\u00ba-29 LAT S) durante el Holoceno Medio (CA.9.000-5.000 CAL AP) y docente de la Universidad Cat\u00f3lica de Temuco. Carolina se desempe\u00f1a como jefa de equipo en campa\u00f1as de rescate y caracterizaci\u00f3n arqueol\u00f3gica. Cuenta con m\u00e1s de diez a\u00f1os de experiencia en su disciplina.<\/p>\n<\/div><div class=\"soc-ico\"><a title=\"Linkedin\" href=\"https:\/\/www.linkedin.com\/in\/carolina-paz-lagos-carrasco-b3498355\/\" target=\"_blank\" class=\"linkedin\"><span class=\"soc-font-icon\"><\/span><span class=\"screen-reader-text\">Linkedin<\/span><\/a><\/div><\/div><\/div><\/div><div class=\"visible wf-cell\" data-post-id=\"1529\" data-date=\"2023-06-28T18:20:31-03:00\" data-name=\"Paulina Sanhueza Figueroa\"><div class=\"team-container visible post post-1529 dt_team type-dt_team status-publish has-post-thumbnail hentry\"><div class=\"team-media\"><span><img decoding=\"async\" class=\"preload-me iso-lazy-load aspect\" src=\"data:image\/svg+xml,%3Csvg%20xmlns%3D&#39;http%3A%2F%2Fwww.w3.org%2F2000%2Fsvg&#39;%20viewBox%3D&#39;0%200%20500%20500&#39;%2F%3E\" data-src=\"https:\/\/www.nomadesurconsultores.cl\/wp-content\/uploads\/2023\/06\/Pauli-Sanhueza.png\" data-srcset=\"https:\/\/www.nomadesurconsultores.cl\/wp-content\/uploads\/2023\/06\/Pauli-Sanhueza.png 500w\" loading=\"eager\" style=\"--ratio: 500 \/ 500\" sizes=\"(max-width: 500px) 100vw, 500px\" width=\"500\" height=\"500\"  title=\"Pauli Sanhueza\" alt=\"\" \/><\/span><\/div><div class=\"team-desc\"><div class=\"team-author\"><div class=\"team-author-name\">Paulina Sanhueza Figueroa<\/div><p>Jefa de terreno y digitalizaci\u00f3n<\/p><\/div><div class=\"team-content\">\n<p>Arque\u00f3loga de la Universidad Cat\u00f3lica de Temuco.<\/p>\n<\/div><\/div><\/div><\/div><div class=\"visible wf-cell\" data-post-id=\"1536\" data-date=\"2023-06-28T18:19:55-03:00\" data-name=\"Tamara Hardessen Bahamonde\"><div class=\"team-container visible post post-1536 dt_team type-dt_team status-publish has-post-thumbnail hentry\"><div class=\"team-media\"><span><img decoding=\"async\" class=\"preload-me iso-lazy-load aspect\" src=\"data:image\/svg+xml,%3Csvg%20xmlns%3D&#39;http%3A%2F%2Fwww.w3.org%2F2000%2Fsvg&#39;%20viewBox%3D&#39;0%200%20500%20500&#39;%2F%3E\" data-src=\"https:\/\/www.nomadesurconsultores.cl\/wp-content\/uploads\/2023\/06\/6-Tamara.png\" data-srcset=\"https:\/\/www.nomadesurconsultores.cl\/wp-content\/uploads\/2023\/06\/6-Tamara.png 500w\" loading=\"eager\" style=\"--ratio: 500 \/ 500\" sizes=\"(max-width: 500px) 100vw, 500px\" width=\"500\" height=\"500\"  title=\"6 Tamara\" alt=\"\" \/><\/span><\/div><div class=\"team-desc\"><div class=\"team-author\"><div class=\"team-author-name\">Tamara Hardessen Bahamonde<\/div><p>Administraci\u00f3n y Coordinaci\u00f3n<\/p><\/div><div class=\"team-content\"><\/div><div class=\"soc-ico\"><a title=\"Linkedin\" href=\"https:\/\/www.linkedin.com\/in\/tamy-hardessen-bahamonde-b5523567\/\" target=\"_blank\" class=\"linkedin\"><span class=\"soc-font-icon\"><\/span><span class=\"screen-reader-text\">Linkedin<\/span><\/a><\/div><\/div><\/div><\/div><div class=\"visible wf-cell\" data-post-id=\"1531\" data-date=\"2023-06-28T18:18:20-03:00\" data-name=\"Fernando Dur\u00e1n Pe\u00f1a\"><div class=\"team-container visible post post-1531 dt_team type-dt_team status-publish has-post-thumbnail hentry\"><div class=\"team-media\"><span><img decoding=\"async\" class=\"preload-me iso-lazy-load aspect\" src=\"data:image\/svg+xml,%3Csvg%20xmlns%3D&#39;http%3A%2F%2Fwww.w3.org%2F2000%2Fsvg&#39;%20viewBox%3D&#39;0%200%20500%20500&#39;%2F%3E\" data-src=\"https:\/\/www.nomadesurconsultores.cl\/wp-content\/uploads\/2023\/06\/fernando-duran.png\" data-srcset=\"https:\/\/www.nomadesurconsultores.cl\/wp-content\/uploads\/2023\/06\/fernando-duran.png 500w\" loading=\"eager\" style=\"--ratio: 500 \/ 500\" sizes=\"(max-width: 500px) 100vw, 500px\" width=\"500\" height=\"500\"  title=\"fernando-duran\" alt=\"\" \/><\/span><\/div><div class=\"team-desc\"><div class=\"team-author\"><div class=\"team-author-name\">Fernando Dur\u00e1n Pe\u00f1a<\/div><p>Fot\u00f3grafo y operador de drone<\/p><\/div><div class=\"team-content\"><p>Encargado de registro y documentaci\u00f3n audiovisual en terreno y laboratorio.<\/p>\n<\/div><div class=\"soc-ico\"><a title=\"Linkedin\" href=\"https:\/\/www.linkedin.com\/in\/fernando-dur%C3%A1n-7a446241\/\" target=\"_blank\" class=\"linkedin\"><span class=\"soc-font-icon\"><\/span><span class=\"screen-reader-text\">Linkedin<\/span><\/a><\/div><\/div><\/div><\/div><div class=\"visible wf-cell\" data-post-id=\"1737\" data-date=\"2023-06-28T18:16:49-03:00\" data-name=\"Oscar Martinez Henriquez\"><div class=\"team-container visible post post-1737 dt_team type-dt_team status-publish has-post-thumbnail hentry\"><div class=\"team-media\"><span><img decoding=\"async\" class=\"preload-me iso-lazy-load aspect\" src=\"data:image\/svg+xml,%3Csvg%20xmlns%3D&#39;http%3A%2F%2Fwww.w3.org%2F2000%2Fsvg&#39;%20viewBox%3D&#39;0%200%20500%20500&#39;%2F%3E\" data-src=\"https:\/\/www.nomadesurconsultores.cl\/wp-content\/uploads\/2023\/06\/Oscar-Martinez-Henriquez.webp\" data-srcset=\"https:\/\/www.nomadesurconsultores.cl\/wp-content\/uploads\/2023\/06\/Oscar-Martinez-Henriquez.webp 500w\" loading=\"eager\" style=\"--ratio: 500 \/ 500\" sizes=\"(max-width: 500px) 100vw, 500px\" width=\"500\" height=\"500\"  title=\"Oscar Martinez Henriquez\" alt=\"\" \/><\/span><\/div><div class=\"team-desc\"><div class=\"team-author\"><div class=\"team-author-name\">Oscar Martinez Henriquez<\/div><p>Encargado de salud ocupacional y prevenci\u00f3n de riesgos.<\/p><\/div><div class=\"team-content\">\n<p>Ingeniero en prevenci\u00f3n de riesgos del Instituto Profesional de Chile.<\/p>\n<\/div><div class=\"soc-ico\"><a title=\"Linkedin\" href=\"https:\/\/www.linkedin.com\/in\/%C3%B3scar-lu%C3%ADs-mart%C3%ADnez-henr%C3%ADquez-75409333\/\" target=\"_blank\" class=\"linkedin\"><span class=\"soc-font-icon\"><\/span><span class=\"screen-reader-text\">Linkedin<\/span><\/a><\/div><\/div><\/div><\/div><div class=\"visible wf-cell\" data-post-id=\"1735\" data-date=\"2023-06-18T18:17:57-03:00\" data-name=\"Diego Almendra Barrera\"><div class=\"team-container visible post post-1735 dt_team type-dt_team status-publish has-post-thumbnail hentry\"><div class=\"team-media\"><span><img decoding=\"async\" class=\"preload-me iso-lazy-load aspect\" src=\"data:image\/svg+xml,%3Csvg%20xmlns%3D&#39;http%3A%2F%2Fwww.w3.org%2F2000%2Fsvg&#39;%20viewBox%3D&#39;0%200%20500%20500&#39;%2F%3E\" data-src=\"https:\/\/www.nomadesurconsultores.cl\/wp-content\/uploads\/2025\/11\/Diego-Almendra-Barrera.webp\" data-srcset=\"https:\/\/www.nomadesurconsultores.cl\/wp-content\/uploads\/2025\/11\/Diego-Almendra-Barrera.webp 500w\" loading=\"eager\" style=\"--ratio: 500 \/ 500\" sizes=\"(max-width: 500px) 100vw, 500px\" width=\"500\" height=\"500\"  title=\"Diego Almendra Barrera\" alt=\"\" \/><\/span><\/div><div class=\"team-desc\"><div class=\"team-author\"><div class=\"team-author-name\">Diego Almendra Barrera<\/div><p>Jefe de operaciones<\/p><\/div><div class=\"team-content\"><\/div><div class=\"soc-ico\"><a title=\"Linkedin\" href=\"https:\/\/www.linkedin.com\/in\/diego-almendra-barrera-977324399\/\" target=\"_blank\" class=\"linkedin\"><span class=\"soc-font-icon\"><\/span><span class=\"screen-reader-text\">Linkedin<\/span><\/a><\/div><\/div><\/div><\/div><\/div><!-- iso-container|iso-grid --><\/div><\/div><\/div><\/div><\/div>\n<\/section>","protected":false},"excerpt":{"rendered":"","protected":false},"author":1,"featured_media":0,"parent":0,"menu_order":0,"comment_status":"closed","ping_status":"closed","template":"","meta":{"footnotes":""},"class_list":["post-151","page","type-page","status-publish","hentry","description-off"],"_links":{"self":[{"href":"https:\/\/www.nomadesurconsultores.cl\/es\/wp-json\/wp\/v2\/pages\/151","targetHints":{"allow":["GET"]}}],"collection":[{"href":"https:\/\/www.nomadesurconsultores.cl\/es\/wp-json\/wp\/v2\/pages"}],"about":[{"href":"https:\/\/www.nomadesurconsultores.cl\/es\/wp-json\/wp\/v2\/types\/page"}],"author":[{"embeddable":true,"href":"https:\/\/www.nomadesurconsultores.cl\/es\/wp-json\/wp\/v2\/users\/1"}],"replies":[{"embeddable":true,"href":"https:\/\/www.nomadesurconsultores.cl\/es\/wp-json\/wp\/v2\/comments?post=151"}],"version-history":[{"count":2,"href":"https:\/\/www.nomadesurconsultores.cl\/es\/wp-json\/wp\/v2\/pages\/151\/revisions"}],"predecessor-version":[{"id":1374,"href":"https:\/\/www.nomadesurconsultores.cl\/es\/wp-json\/wp\/v2\/pages\/151\/revisions\/1374"}],"wp:attachment":[{"href":"https:\/\/www.nomadesurconsultores.cl\/es\/wp-json\/wp\/v2\/media?parent=151"}],"curies":[{"name":"wp","href":"https:\/\/api.w.org\/{rel}","templated":true}]}}