{"id":154,"date":"2016-06-23T11:12:53","date_gmt":"2016-06-23T14:12:53","guid":{"rendered":"https:\/\/the7.io\/construction\/?page_id=154"},"modified":"2023-06-28T19:53:23","modified_gmt":"2023-06-28T22:53:23","slug":"nosotras-old","status":"publish","type":"page","link":"https:\/\/www.nomadesurconsultores.cl\/es\/nosotras-old\/","title":{"rendered":"Nosotras-old"},"content":{"rendered":"<section class=\"wpb-content-wrapper\"><div class=\"vc_row wpb_row vc_row-fluid quienessomos-row vc_custom_1684783577135\"><div class=\"wpb_column vc_column_container vc_col-sm-12 vc_col-lg-6 vc_col-md-6 vc_col-xs-12\"><div class=\"vc_column-inner vc_custom_1493829169670\"><div class=\"wpb_wrapper\"><div id=\"ultimate-heading-60476a0789710f930\" class=\"uvc-heading ult-adjust-bottom-margin ultimate-heading-60476a0789710f930 uvc-151 accent-border-color\" data-hspacer=\"line_only\"  data-halign=\"left\" style=\"text-align:left\"><div class=\"uvc-main-heading ult-responsive\"  data-ultimate-target='.uvc-heading.ultimate-heading-60476a0789710f930 h2'  data-responsive-json-new='{\"font-size\":\"desktop:26px;\",\"line-height\":\"desktop:36px;\"}' ><h2 style=\"font-weight:bold;\">Quienes somos<\/h2><\/div><div class=\"uvc-heading-spacer line_only\" style=\"margin-top:15px;margin-bottom:50px;height:4px;\"><span class=\"uvc-headings-line\" style=\"border-style:solid;border-bottom-width:4px;border-color:;width:50px;\"><\/span><\/div><\/div>\n\t<div class=\"wpb_video_widget wpb_content_element vc_clearfix   vc_video-aspect-ratio-169 vc_video-el-width-100 vc_video-align-left\" >\n\t\t<div class=\"wpb_wrapper\">\n\t\t\t\n\t\t\t<div class=\"wpb_video_wrapper\"><iframe loading=\"lazy\" title=\"APrx3NS\" src=\"https:\/\/player.vimeo.com\/video\/828520616?dnt=1&amp;app_id=122963\" width=\"1200\" height=\"675\" frameborder=\"0\" allow=\"autoplay; fullscreen; picture-in-picture\" allowfullscreen><\/iframe><\/div>\n\t\t<\/div>\n\t<\/div>\n\n\t<div class=\"wpb_text_column wpb_content_element\" >\n\t\t<div class=\"wpb_wrapper\">\n\t\t\t<p>Nomade Sur consultores, nace en el a\u00f1o 2017 de la mano de Maria Olga Lagos y Andrea Ponce, ambas arque\u00f3logas de la UdeCH con una basta trayectoria en la disciplina. Tras establecerse en la regi\u00f3n de La Araucan\u00eda, r\u00e1pidamente se dan cuenta del creciente que hacer arqueol\u00f3gico de la zona centro Sur del pa\u00eds, lo que las conduce a la fundaci\u00f3n de Nomade Sur, con el firme objetivo de dar soluciones r\u00e1pidas, certeras y eficientes a los diversos requerimientos de la industria vial, urban\u00edstica, medioambiental, entre otras. Sin perder de vista el importante patrimonio cultural que surge al realizar cada uno de estos proyectos, generando conocimiento y valor a nuestra labor.<\/p>\n\n\t\t<\/div>\n\t<\/div>\n<\/div><\/div><\/div><div class=\"wpb_column vc_column_container vc_col-sm-12 vc_col-lg-6 vc_col-md-6 vc_col-xs-12\"><div class=\"vc_column-inner vc_custom_1493829183360\"><div class=\"wpb_wrapper\"><div id=\"ultimate-heading-97496a07897110626\" class=\"uvc-heading ult-adjust-bottom-margin ultimate-heading-97496a07897110626 uvc-7397 accent-border-color\" data-hspacer=\"line_only\"  data-halign=\"left\" style=\"text-align:left\"><div class=\"uvc-main-heading ult-responsive\"  data-ultimate-target='.uvc-heading.ultimate-heading-97496a07897110626 h2'  data-responsive-json-new='{\"font-size\":\"desktop:26px;\",\"line-height\":\"desktop:36px;\"}' ><h2 style=\"font-weight:bold;\">Principios de nuestro trabajo<\/h2><\/div><div class=\"uvc-heading-spacer line_only\" style=\"margin-top:15px;margin-bottom:40px;height:4px;\"><span class=\"uvc-headings-line\" style=\"border-style:solid;border-bottom-width:4px;border-color:;width:50px;\"><\/span><\/div><\/div><div class=\"standard-number-list bullet-top\"><ul>\n<li>Nos destacamos por ser un equipo multidisciplinario, joven, en\u00e9rgico y en constante movimiento.<\/li>\n<li>Compromiso<\/li>\n<li>Profesionalismo<\/li>\n<li>entrega de cada uno de los integrantes del equipo son el sello de nuestra consultora.<\/li>\n<\/ul>\n<\/div><\/div><\/div><\/div><\/div><!-- Row Backgrounds --><div class=\"upb_color\" data-bg-override=\"ex-full\" data-bg-color=\"#f4f4f4\" data-fadeout=\"\" data-fadeout-percentage=\"30\" data-parallax-content=\"\" data-parallax-content-sense=\"30\" data-row-effect-mobile-disable=\"true\" data-img-parallax-mobile-disable=\"true\" data-rtl=\"false\"  data-custom-vc-row=\"\"  data-vc=\"6.10.0\"  data-is_old_vc=\"\"  data-theme-support=\"\"   data-overlay=\"false\" data-overlay-color=\"\" data-overlay-pattern=\"\" data-overlay-pattern-opacity=\"\" data-overlay-pattern-size=\"\"    ><\/div><div class=\"vc_row wpb_row vc_row-fluid vc_custom_1684856248229\"><div class=\"wpb_column vc_column_container vc_col-sm-8\"><div class=\"vc_column-inner\"><div class=\"wpb_wrapper\"><div id=\"ultimate-heading-65826a078971114a7\" class=\"uvc-heading ult-adjust-bottom-margin ultimate-heading-65826a078971114a7 uvc-8250\" data-hspacer=\"no_spacer\"  data-halign=\"left\" style=\"text-align:left\"><div class=\"uvc-heading-spacer no_spacer\" style=\"top\"><\/div><div class=\"uvc-main-heading ult-responsive\"  data-ultimate-target='.uvc-heading.ultimate-heading-65826a078971114a7 h2'  data-responsive-json-new='{\"font-size\":\"desktop:32px;\",\"line-height\":\"desktop:42px;\"}' ><h2 style=\"font-weight:bold;color:#ffffff;margin-bottom:20px;\">Cont\u00e1ctate con nosotros!<\/h2><\/div><div class=\"uvc-sub-heading ult-responsive\"  data-ultimate-target='.uvc-heading.ultimate-heading-65826a078971114a7 .uvc-sub-heading '  data-responsive-json-new='{\"font-size\":\"desktop:18px;\",\"line-height\":\"desktop:30px;\"}'  style=\"font-weight:normal;color:#ffffff;margin-bottom:30px;\">Mauris sed tellus quam. Suspendisse risus nulla, molestie quis risus elementum, viverra viverra ipsum. Nulla aliquam dolor turpis, auctor.<\/div><\/div><style type=\"text\/css\" data-type=\"the7_shortcodes-inline-css\">#default-btn-20f6cc2638eebcc8be7efaf0c97483e1.ico-right-side > i {\n  margin-right: 0px;\n  margin-left: 8px;\n}\n#default-btn-20f6cc2638eebcc8be7efaf0c97483e1 > i {\n  margin-right: 8px;\n}\n<\/style><a href=\"#\" class=\"default-btn-shortcode dt-btn dt-btn-m fadeInRight animate-element animation-builder link-hover-off btn-inline-left\" id=\"default-btn-20f6cc2638eebcc8be7efaf0c97483e1\"><span>Escr\u00edbenos a nuestros formulario!<\/span><\/a><\/div><\/div><\/div><\/div><!-- Row Backgrounds --><div class=\"upb_bg_img\" data-ultimate-bg=\"url(https:\/\/www.nomadesurconsultores.cl\/wp-content\/uploads\/2023\/05\/bg-escribenos-qs.jpg)\" data-image-id=\"id^1367|url^http:\/\/www.nomadesurconsultores.cl\/wp-content\/uploads\/2023\/05\/bg-escribenos-qs.jpg|caption^null|alt^null|title^bg-escribenos-qs|description^null\" data-ultimate-bg-style=\"vcpb-default\" data-bg-img-repeat=\"no-repeat\" data-bg-img-size=\"cover\" data-bg-img-position=\"\" data-parallx_sense=\"30\" data-bg-override=\"full\" data-bg_img_attach=\"scroll\" data-upb-overlay-color=\"rgba(0,0,0,0.5)\" data-upb-bg-animation=\"\" data-fadeout=\"\" data-bg-animation=\"left-animation\" data-bg-animation-type=\"h\" data-animation-repeat=\"repeat\" data-fadeout-percentage=\"30\" data-parallax-content=\"\" data-parallax-content-sense=\"30\" data-row-effect-mobile-disable=\"true\" data-img-parallax-mobile-disable=\"true\" data-rtl=\"false\"  data-custom-vc-row=\"\"  data-vc=\"6.10.0\"  data-is_old_vc=\"\"  data-theme-support=\"\"   data-overlay=\"true\" data-overlay-color=\"rgba(0,0,0,0.5)\" data-overlay-pattern=\"\" data-overlay-pattern-opacity=\"0.8\" data-overlay-pattern-size=\"\" data-overlay-pattern-attachment=\"scroll\"    ><\/div>\n<\/section>","protected":false},"excerpt":{"rendered":"<p>Quienes somos Nomade Sur consultores, nace en el a\u00f1o 2017 de la mano de Maria Olga Lagos y Andrea Ponce, ambas arque\u00f3logas de la UdeCH con una basta trayectoria en la disciplina. Tras establecerse en la regi\u00f3n de La Araucan\u00eda, r\u00e1pidamente se dan cuenta del creciente que hacer arqueol\u00f3gico de la zona centro Sur del&hellip;<\/p>","protected":false},"author":1,"featured_media":0,"parent":0,"menu_order":1,"comment_status":"closed","ping_status":"closed","template":"","meta":{"footnotes":""},"class_list":["post-154","page","type-page","status-publish","hentry","description-off"],"_links":{"self":[{"href":"https:\/\/www.nomadesurconsultores.cl\/es\/wp-json\/wp\/v2\/pages\/154","targetHints":{"allow":["GET"]}}],"collection":[{"href":"https:\/\/www.nomadesurconsultores.cl\/es\/wp-json\/wp\/v2\/pages"}],"about":[{"href":"https:\/\/www.nomadesurconsultores.cl\/es\/wp-json\/wp\/v2\/types\/page"}],"author":[{"embeddable":true,"href":"https:\/\/www.nomadesurconsultores.cl\/es\/wp-json\/wp\/v2\/users\/1"}],"replies":[{"embeddable":true,"href":"https:\/\/www.nomadesurconsultores.cl\/es\/wp-json\/wp\/v2\/comments?post=154"}],"version-history":[{"count":13,"href":"https:\/\/www.nomadesurconsultores.cl\/es\/wp-json\/wp\/v2\/pages\/154\/revisions"}],"predecessor-version":[{"id":1427,"href":"https:\/\/www.nomadesurconsultores.cl\/es\/wp-json\/wp\/v2\/pages\/154\/revisions\/1427"}],"wp:attachment":[{"href":"https:\/\/www.nomadesurconsultores.cl\/es\/wp-json\/wp\/v2\/media?parent=154"}],"curies":[{"name":"wp","href":"https:\/\/api.w.org\/{rel}","templated":true}]}}