{"id":27,"date":"2016-06-21T22:38:18","date_gmt":"2016-06-21T21:38:18","guid":{"rendered":"https:\/\/the7.io\/construction\/?page_id=27"},"modified":"2024-02-05T19:09:22","modified_gmt":"2024-02-05T22:09:22","slug":"servicios","status":"publish","type":"page","link":"https:\/\/www.nomadesurconsultores.cl\/es\/servicios\/","title":{"rendered":"Servicios"},"content":{"rendered":"<section class=\"wpb-content-wrapper\"><div class=\"vc_row wpb_row vc_row-fluid vc_custom_1495105796691 vc_column-gap-30 vc_row-o-equal-height vc_row-flex\"><div class=\"wpb_column vc_column_container vc_col-sm-6 vc_col-xs-12 vc_col-has-fill\"><div class=\"vc_column-inner vc_custom_1686672370690\"><div class=\"wpb_wrapper\"><style type=\"text\/css\" data-type=\"the7_shortcodes-inline-css\">.shortcode-single-image-wrap.shortcode-single-image-6000584b81874813eaa42fc2dcf0dfd5.enable-bg-rollover .rollover i,\n.shortcode-single-image-wrap.shortcode-single-image-6000584b81874813eaa42fc2dcf0dfd5.enable-bg-rollover .rollover-video i {\n  background: -webkit-linear-gradient();\n  background: linear-gradient();\n}\n.shortcode-single-image-wrap.shortcode-single-image-6000584b81874813eaa42fc2dcf0dfd5 .rollover-icon {\n  font-size: 32px;\n  color: #ffffff;\n  min-width: 44px;\n  min-height: 44px;\n  line-height: 44px;\n  border-radius: 100px;\n  border-style: solid;\n  border-width: 0px;\n}\n.dt-icon-bg-on.shortcode-single-image-wrap.shortcode-single-image-6000584b81874813eaa42fc2dcf0dfd5 .rollover-icon {\n  background: rgba(255,255,255,0.3);\n  box-shadow: none;\n}\n<\/style><div class=\"shortcode-single-image-wrap shortcode-single-image-6000584b81874813eaa42fc2dcf0dfd5 alignnone fadeIn animate-element  enable-bg-rollover dt-icon-bg-off\" style=\"margin-top:0px; margin-bottom:0px; margin-left:0px; margin-right:0px; width:1500px;\"><div class=\"shortcode-single-image\"><div class=\"fancy-media-wrap  layzr-bg\" style=\"\"><img fetchpriority=\"high\" decoding=\"async\" class=\"preload-me lazy-load aspect\" src=\"data:image\/svg+xml,%3Csvg%20xmlns%3D&#39;http%3A%2F%2Fwww.w3.org%2F2000%2Fsvg&#39;%20viewBox%3D&#39;0%200%201500%201001&#39;%2F%3E\" data-src=\"https:\/\/www.nomadesurconsultores.cl\/wp-content\/uploads\/2023\/06\/prefactibilidad-de-proyectos-nomadesur.jpg\" data-srcset=\"https:\/\/www.nomadesurconsultores.cl\/wp-content\/uploads\/2023\/06\/prefactibilidad-de-proyectos-nomadesur.jpg 1500w\" loading=\"eager\" sizes=\"(max-width: 1500px) 100vw, 1500px\" width=\"1500\" height=\"1001\"  data-dt-location=\"https:\/\/www.nomadesurconsultores.cl\/es\/servicios\/prefactibilidad-de-proyectos-nomadesur\/\" style=\"--ratio: 1500 \/ 1001;\" alt=\"\" \/><\/div><\/div><\/div><div class=\"vc_row wpb_row vc_inner vc_row-fluid vc_custom_1495105364136\"><div class=\"wpb_column vc_column_container vc_col-sm-12\"><div class=\"vc_column-inner\"><div class=\"wpb_wrapper\">\n\t<div class=\"wpb_text_column wpb_content_element\" >\n\t\t<div class=\"wpb_wrapper\">\n\t\t\t<h3>Prefactibilidad de proyectos<\/h3>\n<ul>\n<li>Evaluaci\u00f3n de proyectos SEA, MOP, SERVIU cercanos al \u00e1rea de inter\u00e9s del proyecto.<\/li>\n<li>Evaluaci\u00f3n de sitios y\/o monumentos arqueol\u00f3gicos declarados cercanos al \u00e1rea del proyecto.<\/li>\n<li>Inspecciones visuales y\/o prospecciones pedestres<\/li>\n<\/ul>\n\n\t\t<\/div>\n\t<\/div>\n<\/div><\/div><\/div><\/div><\/div><\/div><\/div><div class=\"wpb_column vc_column_container vc_col-sm-6 vc_col-xs-12 vc_col-has-fill\"><div class=\"vc_column-inner vc_custom_1686672376778\"><div class=\"wpb_wrapper\"><style type=\"text\/css\" data-type=\"the7_shortcodes-inline-css\">.shortcode-single-image-wrap.shortcode-single-image-efe7ac48e8e73b1a6fe8bbddcd91d48e.enable-bg-rollover .rollover i,\n.shortcode-single-image-wrap.shortcode-single-image-efe7ac48e8e73b1a6fe8bbddcd91d48e.enable-bg-rollover .rollover-video i {\n  background: -webkit-linear-gradient();\n  background: linear-gradient();\n}\n.shortcode-single-image-wrap.shortcode-single-image-efe7ac48e8e73b1a6fe8bbddcd91d48e .rollover-icon {\n  font-size: 32px;\n  color: #ffffff;\n  min-width: 44px;\n  min-height: 44px;\n  line-height: 44px;\n  border-radius: 100px;\n  border-style: solid;\n  border-width: 0px;\n}\n.dt-icon-bg-on.shortcode-single-image-wrap.shortcode-single-image-efe7ac48e8e73b1a6fe8bbddcd91d48e .rollover-icon {\n  background: rgba(255,255,255,0.3);\n  box-shadow: none;\n}\n<\/style><div class=\"shortcode-single-image-wrap shortcode-single-image-efe7ac48e8e73b1a6fe8bbddcd91d48e alignnone  enable-bg-rollover dt-icon-bg-off\" style=\"margin-top:0px; margin-bottom:0px; margin-left:0px; margin-right:0px; width:1500px;\"><div class=\"shortcode-single-image\"><div class=\"fancy-media-wrap  layzr-bg\" style=\"\"><img decoding=\"async\" class=\"preload-me lazy-load aspect\" src=\"data:image\/svg+xml,%3Csvg%20xmlns%3D&#39;http%3A%2F%2Fwww.w3.org%2F2000%2Fsvg&#39;%20viewBox%3D&#39;0%200%201500%201001&#39;%2F%3E\" data-src=\"https:\/\/www.nomadesurconsultores.cl\/wp-content\/uploads\/2023\/06\/elaboracion-de-lineas-base-arqueologicas-nomadesur.jpg\" data-srcset=\"https:\/\/www.nomadesurconsultores.cl\/wp-content\/uploads\/2023\/06\/elaboracion-de-lineas-base-arqueologicas-nomadesur.jpg 1500w\" loading=\"eager\" sizes=\"(max-width: 1500px) 100vw, 1500px\" width=\"1500\" height=\"1001\"  data-dt-location=\"https:\/\/www.nomadesurconsultores.cl\/es\/servicios\/elaboracion-de-lineas-base-arqueologicas-nomadesur\/\" style=\"--ratio: 1500 \/ 1001;\" alt=\"\" \/><\/div><\/div><\/div><div class=\"vc_row wpb_row vc_inner vc_row-fluid vc_custom_1495105364136\"><div class=\"wpb_column vc_column_container vc_col-sm-12\"><div class=\"vc_column-inner\"><div class=\"wpb_wrapper\">\n\t<div class=\"wpb_text_column wpb_content_element\" >\n\t\t<div class=\"wpb_wrapper\">\n\t\t\t<h3>Elaboraci\u00f3n de Lineas de Base arqueol\u00f3gica<\/h3>\n<ul>\n<li>Revisi\u00f3n de antecedentes bibliogr\u00e1ficos<\/li>\n<li>Inspecciones visuales y\/o prospecciones pedestres.<\/li>\n<li>Microruteos<\/li>\n<li>Plan de manejo de sitios arqueol\u00f3gicos<\/li>\n<\/ul>\n\n\t\t<\/div>\n\t<\/div>\n<\/div><\/div><\/div><\/div><\/div><\/div><\/div><div class=\"wpb_column vc_column_container vc_col-sm-6 vc_col-xs-12 vc_col-has-fill\"><div class=\"vc_column-inner vc_custom_1686672383025\"><div class=\"wpb_wrapper\"><style type=\"text\/css\" data-type=\"the7_shortcodes-inline-css\">.shortcode-single-image-wrap.shortcode-single-image-80b00ca1650a48a37a7bdbedd3b2953c.enable-bg-rollover .rollover i,\n.shortcode-single-image-wrap.shortcode-single-image-80b00ca1650a48a37a7bdbedd3b2953c.enable-bg-rollover .rollover-video i {\n  background: -webkit-linear-gradient();\n  background: linear-gradient();\n}\n.shortcode-single-image-wrap.shortcode-single-image-80b00ca1650a48a37a7bdbedd3b2953c .rollover-icon {\n  font-size: 32px;\n  color: #ffffff;\n  min-width: 44px;\n  min-height: 44px;\n  line-height: 44px;\n  border-radius: 100px;\n  border-style: solid;\n  border-width: 0px;\n}\n.dt-icon-bg-on.shortcode-single-image-wrap.shortcode-single-image-80b00ca1650a48a37a7bdbedd3b2953c .rollover-icon {\n  background: rgba(255,255,255,0.3);\n  box-shadow: none;\n}\n<\/style><div class=\"shortcode-single-image-wrap shortcode-single-image-80b00ca1650a48a37a7bdbedd3b2953c alignnone  enable-bg-rollover dt-icon-bg-off\" style=\"margin-top:0px; margin-bottom:0px; margin-left:0px; margin-right:0px; width:1500px;\"><div class=\"shortcode-single-image\"><div class=\"fancy-media-wrap  layzr-bg\" style=\"\"><img decoding=\"async\" class=\"preload-me lazy-load aspect\" src=\"data:image\/svg+xml,%3Csvg%20xmlns%3D&#39;http%3A%2F%2Fwww.w3.org%2F2000%2Fsvg&#39;%20viewBox%3D&#39;0%200%201500%201001&#39;%2F%3E\" data-src=\"https:\/\/www.nomadesurconsultores.cl\/wp-content\/uploads\/2023\/06\/caracterizacion-arqueologica-nomadesur.jpg\" data-srcset=\"https:\/\/www.nomadesurconsultores.cl\/wp-content\/uploads\/2023\/06\/caracterizacion-arqueologica-nomadesur.jpg 1500w\" loading=\"eager\" sizes=\"(max-width: 1500px) 100vw, 1500px\" width=\"1500\" height=\"1001\"  data-dt-location=\"https:\/\/www.nomadesurconsultores.cl\/es\/servicios\/caracterizacion-arqueologica-nomadesur\/\" style=\"--ratio: 1500 \/ 1001;\" alt=\"\" \/><\/div><\/div><\/div><div class=\"vc_row wpb_row vc_inner vc_row-fluid vc_custom_1495105364136\"><div class=\"wpb_column vc_column_container vc_col-sm-12\"><div class=\"vc_column-inner\"><div class=\"wpb_wrapper\">\n\t<div class=\"wpb_text_column wpb_content_element\" >\n\t\t<div class=\"wpb_wrapper\">\n\t\t\t<h3>Caracterizaci\u00f3n arqueol\u00f3gica<\/h3>\n<ul>\n<li>Mediante pozos de sondeo o unidades de excavaci\u00f3n 50&#215;50 cm. 100&#215;50 cm. O 100 x100 cm.<\/li>\n<li>Elaboraci\u00f3n de PAS 132<\/li>\n<\/ul>\n\n\t\t<\/div>\n\t<\/div>\n<\/div><\/div><\/div><\/div><\/div><\/div><\/div><div class=\"wpb_column vc_column_container vc_col-sm-6 vc_col-xs-12 vc_col-has-fill\"><div class=\"vc_column-inner vc_custom_1686672415408\"><div class=\"wpb_wrapper\"><style type=\"text\/css\" data-type=\"the7_shortcodes-inline-css\">.shortcode-single-image-wrap.shortcode-single-image-877b9afff313821751a75b70e9e0187d.enable-bg-rollover .rollover i,\n.shortcode-single-image-wrap.shortcode-single-image-877b9afff313821751a75b70e9e0187d.enable-bg-rollover .rollover-video i {\n  background: -webkit-linear-gradient();\n  background: linear-gradient();\n}\n.shortcode-single-image-wrap.shortcode-single-image-877b9afff313821751a75b70e9e0187d .rollover-icon {\n  font-size: 32px;\n  color: #ffffff;\n  min-width: 44px;\n  min-height: 44px;\n  line-height: 44px;\n  border-radius: 100px;\n  border-style: solid;\n  border-width: 0px;\n}\n.dt-icon-bg-on.shortcode-single-image-wrap.shortcode-single-image-877b9afff313821751a75b70e9e0187d .rollover-icon {\n  background: rgba(255,255,255,0.3);\n  box-shadow: none;\n}\n<\/style><div class=\"shortcode-single-image-wrap shortcode-single-image-877b9afff313821751a75b70e9e0187d alignnone  enable-bg-rollover dt-icon-bg-off\" style=\"margin-top:0px; margin-bottom:0px; margin-left:0px; margin-right:0px; width:1500px;\"><div class=\"shortcode-single-image\"><div class=\"fancy-media-wrap  layzr-bg\" style=\"\"><img decoding=\"async\" class=\"preload-me lazy-load aspect\" src=\"data:image\/svg+xml,%3Csvg%20xmlns%3D&#39;http%3A%2F%2Fwww.w3.org%2F2000%2Fsvg&#39;%20viewBox%3D&#39;0%200%201500%201001&#39;%2F%3E\" data-src=\"https:\/\/www.nomadesurconsultores.cl\/wp-content\/uploads\/2023\/06\/rescate-arqueologico.jpg\" data-srcset=\"https:\/\/www.nomadesurconsultores.cl\/wp-content\/uploads\/2023\/06\/rescate-arqueologico.jpg 1500w\" loading=\"eager\" sizes=\"(max-width: 1500px) 100vw, 1500px\" width=\"1500\" height=\"1001\"  data-dt-location=\"https:\/\/www.nomadesurconsultores.cl\/es\/servicios\/rescate-arqueologico-2\/\" style=\"--ratio: 1500 \/ 1001;\" alt=\"\" \/><\/div><\/div><\/div><div class=\"vc_row wpb_row vc_inner vc_row-fluid vc_custom_1495105364136\"><div class=\"wpb_column vc_column_container vc_col-sm-12\"><div class=\"vc_column-inner\"><div class=\"wpb_wrapper\">\n\t<div class=\"wpb_text_column wpb_content_element\" >\n\t\t<div class=\"wpb_wrapper\">\n\t\t\t<h3>Rescate Arqueol\u00f3gico<\/h3>\n<ul>\n<li>Mediante unidades de 200&#215;200 cm.<\/li>\n<li>Rescate de rasgos arqueol\u00f3gicos<\/li>\n<\/ul>\n\n\t\t<\/div>\n\t<\/div>\n<\/div><\/div><\/div><\/div><\/div><\/div><\/div><div class=\"wpb_column vc_column_container vc_col-sm-6 vc_col-xs-12 vc_col-has-fill\"><div class=\"vc_column-inner vc_custom_1686672411612\"><div class=\"wpb_wrapper\"><style type=\"text\/css\" data-type=\"the7_shortcodes-inline-css\">.shortcode-single-image-wrap.shortcode-single-image-fdafaa7a06c900271da6bd030da9b0a3.enable-bg-rollover .rollover i,\n.shortcode-single-image-wrap.shortcode-single-image-fdafaa7a06c900271da6bd030da9b0a3.enable-bg-rollover .rollover-video i {\n  background: -webkit-linear-gradient();\n  background: linear-gradient();\n}\n.shortcode-single-image-wrap.shortcode-single-image-fdafaa7a06c900271da6bd030da9b0a3 .rollover-icon {\n  font-size: 32px;\n  color: #ffffff;\n  min-width: 44px;\n  min-height: 44px;\n  line-height: 44px;\n  border-radius: 100px;\n  border-style: solid;\n  border-width: 0px;\n}\n.dt-icon-bg-on.shortcode-single-image-wrap.shortcode-single-image-fdafaa7a06c900271da6bd030da9b0a3 .rollover-icon {\n  background: rgba(255,255,255,0.3);\n  box-shadow: none;\n}\n<\/style><div class=\"shortcode-single-image-wrap shortcode-single-image-fdafaa7a06c900271da6bd030da9b0a3 alignnone  enable-bg-rollover dt-icon-bg-off\" style=\"margin-top:0px; margin-bottom:0px; margin-left:0px; margin-right:0px; width:1500px;\"><div class=\"shortcode-single-image\"><div class=\"fancy-media-wrap  layzr-bg\" style=\"\"><img decoding=\"async\" class=\"preload-me lazy-load aspect\" src=\"data:image\/svg+xml,%3Csvg%20xmlns%3D&#39;http%3A%2F%2Fwww.w3.org%2F2000%2Fsvg&#39;%20viewBox%3D&#39;0%200%201263%20843&#39;%2F%3E\" data-src=\"https:\/\/www.nomadesurconsultores.cl\/wp-content\/uploads\/2023\/06\/levantamiento-de-rasgos-lineales-1263x843.jpg\" data-srcset=\"https:\/\/www.nomadesurconsultores.cl\/wp-content\/uploads\/2023\/06\/levantamiento-de-rasgos-lineales-1263x843.jpg 1263w\" loading=\"eager\" sizes=\"(max-width: 1263px) 100vw, 1263px\" width=\"1263\" height=\"843\"  data-dt-location=\"https:\/\/www.nomadesurconsultores.cl\/es\/servicios\/levantamiento-de-rasgos-lineales\/\" style=\"--ratio: 1263 \/ 843;\" alt=\"\" \/><\/div><\/div><\/div><div class=\"vc_row wpb_row vc_inner vc_row-fluid vc_custom_1495105364136\"><div class=\"wpb_column vc_column_container vc_col-sm-12\"><div class=\"vc_column-inner\"><div class=\"wpb_wrapper\">\n\t<div class=\"wpb_text_column wpb_content_element\" >\n\t\t<div class=\"wpb_wrapper\">\n\t\t\t<h3>Levantamiento de rasgos lineales<\/h3>\n<p>Levantamiento y registro arqueol\u00f3gico de huellas troperas, huellas de carreta, sende-ros simples, etc.<\/p>\n\n\t\t<\/div>\n\t<\/div>\n<\/div><\/div><\/div><\/div><\/div><\/div><\/div><div class=\"wpb_column vc_column_container vc_col-sm-6 vc_col-xs-12 vc_col-has-fill\"><div class=\"vc_column-inner vc_custom_1686672834259\"><div class=\"wpb_wrapper\"><style type=\"text\/css\" data-type=\"the7_shortcodes-inline-css\">.shortcode-single-image-wrap.shortcode-single-image-b267626f01884f99198287434d80a9cd.enable-bg-rollover .rollover i,\n.shortcode-single-image-wrap.shortcode-single-image-b267626f01884f99198287434d80a9cd.enable-bg-rollover .rollover-video i {\n  background: -webkit-linear-gradient();\n  background: linear-gradient();\n}\n.shortcode-single-image-wrap.shortcode-single-image-b267626f01884f99198287434d80a9cd .rollover-icon {\n  font-size: 32px;\n  color: #ffffff;\n  min-width: 44px;\n  min-height: 44px;\n  line-height: 44px;\n  border-radius: 100px;\n  border-style: solid;\n  border-width: 0px;\n}\n.dt-icon-bg-on.shortcode-single-image-wrap.shortcode-single-image-b267626f01884f99198287434d80a9cd .rollover-icon {\n  background: rgba(255,255,255,0.3);\n  box-shadow: none;\n}\n<\/style><div class=\"shortcode-single-image-wrap shortcode-single-image-b267626f01884f99198287434d80a9cd alignnone  enable-bg-rollover dt-icon-bg-off\" style=\"margin-top:0px; margin-bottom:0px; margin-left:0px; margin-right:0px; width:1500px;\"><div class=\"shortcode-single-image\"><div class=\"fancy-media-wrap  layzr-bg\" style=\"\"><img decoding=\"async\" class=\"preload-me lazy-load aspect\" src=\"data:image\/svg+xml,%3Csvg%20xmlns%3D&#39;http%3A%2F%2Fwww.w3.org%2F2000%2Fsvg&#39;%20viewBox%3D&#39;0%200%201264%20844&#39;%2F%3E\" data-src=\"https:\/\/www.nomadesurconsultores.cl\/wp-content\/uploads\/2023\/06\/fotogrametria-1264x844.jpg\" data-srcset=\"https:\/\/www.nomadesurconsultores.cl\/wp-content\/uploads\/2023\/06\/fotogrametria-1264x844.jpg 1264w\" loading=\"eager\" sizes=\"(max-width: 1264px) 100vw, 1264px\" width=\"1264\" height=\"844\"  data-dt-location=\"https:\/\/www.nomadesurconsultores.cl\/es\/servicios\/fotogrametria\/\" style=\"--ratio: 1264 \/ 844;\" alt=\"\" \/><\/div><\/div><\/div><div class=\"vc_row wpb_row vc_inner vc_row-fluid vc_custom_1495105364136\"><div class=\"wpb_column vc_column_container vc_col-sm-12\"><div class=\"vc_column-inner\"><div class=\"wpb_wrapper\">\n\t<div class=\"wpb_text_column wpb_content_element\" >\n\t\t<div class=\"wpb_wrapper\">\n\t\t\t<h3>Fotogrametr\u00eda<\/h3>\n<p>Registro aerofotogram\u00e9trico con drone, ortomosaico, modelado 3d, entre otros.<\/p>\n\n\t\t<\/div>\n\t<\/div>\n<\/div><\/div><\/div><\/div><\/div><\/div><\/div><div class=\"wpb_column vc_column_container vc_col-sm-6 vc_col-xs-12 vc_col-has-fill\"><div class=\"vc_column-inner vc_custom_1686673200779\"><div class=\"wpb_wrapper\"><style type=\"text\/css\" data-type=\"the7_shortcodes-inline-css\">.shortcode-single-image-wrap.shortcode-single-image-fe8bc69bb8d020ba6eaf16ea31e3e3fb.enable-bg-rollover .rollover i,\n.shortcode-single-image-wrap.shortcode-single-image-fe8bc69bb8d020ba6eaf16ea31e3e3fb.enable-bg-rollover .rollover-video i {\n  background: -webkit-linear-gradient();\n  background: linear-gradient();\n}\n.shortcode-single-image-wrap.shortcode-single-image-fe8bc69bb8d020ba6eaf16ea31e3e3fb .rollover-icon {\n  font-size: 32px;\n  color: #ffffff;\n  min-width: 44px;\n  min-height: 44px;\n  line-height: 44px;\n  border-radius: 100px;\n  border-style: solid;\n  border-width: 0px;\n}\n.dt-icon-bg-on.shortcode-single-image-wrap.shortcode-single-image-fe8bc69bb8d020ba6eaf16ea31e3e3fb .rollover-icon {\n  background: rgba(255,255,255,0.3);\n  box-shadow: none;\n}\n<\/style><div class=\"shortcode-single-image-wrap shortcode-single-image-fe8bc69bb8d020ba6eaf16ea31e3e3fb alignnone  enable-bg-rollover dt-icon-bg-off\" style=\"margin-top:0px; margin-bottom:0px; margin-left:0px; margin-right:0px; width:1500px;\"><div class=\"shortcode-single-image\"><div class=\"fancy-media-wrap  layzr-bg\" style=\"\"><img decoding=\"async\" class=\"preload-me lazy-load aspect\" src=\"data:image\/svg+xml,%3Csvg%20xmlns%3D&#39;http%3A%2F%2Fwww.w3.org%2F2000%2Fsvg&#39;%20viewBox%3D&#39;0%200%201500%201001&#39;%2F%3E\" data-src=\"https:\/\/www.nomadesurconsultores.cl\/wp-content\/uploads\/2023\/06\/analisis-de-materiales-culturales.jpg\" data-srcset=\"https:\/\/www.nomadesurconsultores.cl\/wp-content\/uploads\/2023\/06\/analisis-de-materiales-culturales.jpg 1500w\" loading=\"eager\" sizes=\"(max-width: 1500px) 100vw, 1500px\" width=\"1500\" height=\"1001\"  data-dt-location=\"https:\/\/www.nomadesurconsultores.cl\/es\/servicios\/analisis-de-materiales-culturales\/\" style=\"--ratio: 1500 \/ 1001;\" alt=\"\" \/><\/div><\/div><\/div><div class=\"vc_row wpb_row vc_inner vc_row-fluid vc_custom_1495105364136\"><div class=\"wpb_column vc_column_container vc_col-sm-12\"><div class=\"vc_column-inner\"><div class=\"wpb_wrapper\">\n\t<div class=\"wpb_text_column wpb_content_element\" >\n\t\t<div class=\"wpb_wrapper\">\n\t\t\t<h3>An\u00e1lisis de materiales culturales<\/h3>\n<ul>\n<li>Cer\u00e1mica<\/li>\n<li>L\u00edtico<\/li>\n<li>Arqueobot\u00e1nico<\/li>\n<li>Flotaci\u00f3n<\/li>\n<\/ul>\n\n\t\t<\/div>\n\t<\/div>\n<\/div><\/div><\/div><\/div><\/div><\/div><\/div><div class=\"wpb_column vc_column_container vc_col-sm-6 vc_col-xs-12 vc_col-has-fill\"><div class=\"vc_column-inner vc_custom_1686673207350\"><div class=\"wpb_wrapper\"><style type=\"text\/css\" data-type=\"the7_shortcodes-inline-css\">.shortcode-single-image-wrap.shortcode-single-image-042749cf4e22860293f1192eeb73c844.enable-bg-rollover .rollover i,\n.shortcode-single-image-wrap.shortcode-single-image-042749cf4e22860293f1192eeb73c844.enable-bg-rollover .rollover-video i {\n  background: -webkit-linear-gradient();\n  background: linear-gradient();\n}\n.shortcode-single-image-wrap.shortcode-single-image-042749cf4e22860293f1192eeb73c844 .rollover-icon {\n  font-size: 32px;\n  color: #ffffff;\n  min-width: 44px;\n  min-height: 44px;\n  line-height: 44px;\n  border-radius: 100px;\n  border-style: solid;\n  border-width: 0px;\n}\n.dt-icon-bg-on.shortcode-single-image-wrap.shortcode-single-image-042749cf4e22860293f1192eeb73c844 .rollover-icon {\n  background: rgba(255,255,255,0.3);\n  box-shadow: none;\n}\n<\/style><div class=\"shortcode-single-image-wrap shortcode-single-image-042749cf4e22860293f1192eeb73c844 alignnone  enable-bg-rollover dt-icon-bg-off\" style=\"margin-top:0px; margin-bottom:0px; margin-left:0px; margin-right:0px; width:1100px;\"><div class=\"shortcode-single-image\"><div class=\"fancy-media-wrap  layzr-bg\" style=\"\"><img decoding=\"async\" class=\"preload-me lazy-load aspect\" src=\"data:image\/svg+xml,%3Csvg%20xmlns%3D&#39;http%3A%2F%2Fwww.w3.org%2F2000%2Fsvg&#39;%20viewBox%3D&#39;0%200%201100%20730&#39;%2F%3E\" data-src=\"https:\/\/www.nomadesurconsultores.cl\/wp-content\/uploads\/2024\/02\/Revision-y-elaboracion.-de-informes.png\" data-srcset=\"https:\/\/www.nomadesurconsultores.cl\/wp-content\/uploads\/2024\/02\/Revision-y-elaboracion.-de-informes.png 1100w\" loading=\"eager\" sizes=\"(max-width: 1100px) 100vw, 1100px\" width=\"1100\" height=\"730\"  data-dt-location=\"https:\/\/www.nomadesurconsultores.cl\/es\/servicios\/revision-y-elaboracion-de-informes\/\" style=\"--ratio: 1100 \/ 730;\" alt=\"\" \/><\/div><\/div><\/div><div class=\"vc_row wpb_row vc_inner vc_row-fluid vc_custom_1495105364136\"><div class=\"wpb_column vc_column_container vc_col-sm-12\"><div class=\"vc_column-inner\"><div class=\"wpb_wrapper\">\n\t<div class=\"wpb_text_column wpb_content_element\" >\n\t\t<div class=\"wpb_wrapper\">\n\t\t\t<h3>Revisi\u00f3n y elaboraci\u00f3n de informes<\/h3>\n<p>Revisi\u00f3n y elaboraci\u00f3n de Informes de lineas de base arqueol\u00f3gicas.<\/p>\n\n\t\t<\/div>\n\t<\/div>\n<\/div><\/div><\/div><\/div><\/div><\/div><\/div><\/div>\n<\/section>","protected":false},"excerpt":{"rendered":"<p>Prefactibilidad de proyectos Evaluaci\u00f3n de proyectos SEA, MOP, SERVIU cercanos al \u00e1rea de inter\u00e9s del proyecto. Evaluaci\u00f3n de sitios y\/o monumentos arqueol\u00f3gicos declarados cercanos al \u00e1rea del proyecto. Inspecciones visuales y\/o prospecciones pedestres Elaboraci\u00f3n de Lineas de Base arqueol\u00f3gica Revisi\u00f3n de antecedentes bibliogr\u00e1ficos Inspecciones visuales y\/o prospecciones pedestres. Microruteos Plan de manejo de sitios arqueol\u00f3gicos&hellip;<\/p>","protected":false},"author":1,"featured_media":0,"parent":0,"menu_order":2,"comment_status":"closed","ping_status":"closed","template":"","meta":{"footnotes":""},"class_list":["post-27","page","type-page","status-publish","hentry","description-off"],"_links":{"self":[{"href":"https:\/\/www.nomadesurconsultores.cl\/es\/wp-json\/wp\/v2\/pages\/27","targetHints":{"allow":["GET"]}}],"collection":[{"href":"https:\/\/www.nomadesurconsultores.cl\/es\/wp-json\/wp\/v2\/pages"}],"about":[{"href":"https:\/\/www.nomadesurconsultores.cl\/es\/wp-json\/wp\/v2\/types\/page"}],"author":[{"embeddable":true,"href":"https:\/\/www.nomadesurconsultores.cl\/es\/wp-json\/wp\/v2\/users\/1"}],"replies":[{"embeddable":true,"href":"https:\/\/www.nomadesurconsultores.cl\/es\/wp-json\/wp\/v2\/comments?post=27"}],"version-history":[{"count":17,"href":"https:\/\/www.nomadesurconsultores.cl\/es\/wp-json\/wp\/v2\/pages\/27\/revisions"}],"predecessor-version":[{"id":1683,"href":"https:\/\/www.nomadesurconsultores.cl\/es\/wp-json\/wp\/v2\/pages\/27\/revisions\/1683"}],"wp:attachment":[{"href":"https:\/\/www.nomadesurconsultores.cl\/es\/wp-json\/wp\/v2\/media?parent=27"}],"curies":[{"name":"wp","href":"https:\/\/api.w.org\/{rel}","templated":true}]}}