{"id":305,"date":"2016-06-28T01:37:06","date_gmt":"2016-06-28T00:37:06","guid":{"rendered":"https:\/\/the7.io\/construction\/?page_id=305"},"modified":"2023-06-28T20:04:01","modified_gmt":"2023-06-28T23:04:01","slug":"blog","status":"publish","type":"page","link":"https:\/\/www.nomadesurconsultores.cl\/es\/blog\/","title":{"rendered":"Blog"},"content":{"rendered":"<section class=\"wpb-content-wrapper\"><div class=\"vc_row wpb_row vc_row-fluid\"><div class=\"wpb_column vc_column_container vc_col-sm-12\"><div class=\"vc_column-inner\"><div class=\"wpb_wrapper\"><style type=\"text\/css\" data-type=\"the7_shortcodes-inline-css\">.blog-shortcode.blog-list-shortcode-id-aa7ddb26e404e914ebfbe1a0ce5b17e0.dividers-on.classic-layout-list article {\n  margin-top: 50px;\n  padding-top: 0;\n}\n.blog-shortcode.blog-list-shortcode-id-aa7ddb26e404e914ebfbe1a0ce5b17e0.dividers-on.classic-layout-list article:first-of-type {\n  margin-top: 0;\n  padding-top: 0;\n}\n.blog-shortcode.blog-list-shortcode-id-aa7ddb26e404e914ebfbe1a0ce5b17e0.classic-layout-list.mode-list .post-thumbnail-wrap {\n  width: 30%;\n}\n.blog-shortcode.blog-list-shortcode-id-aa7ddb26e404e914ebfbe1a0ce5b17e0.classic-layout-list.mode-list .post-entry-content {\n  width: calc(100% - 30%);\n}\n.blog-shortcode.blog-list-shortcode-id-aa7ddb26e404e914ebfbe1a0ce5b17e0.classic-layout-list.mode-list .no-img .post-entry-content {\n  width: 100%;\n}\n.blog-shortcode.blog-list-shortcode-id-aa7ddb26e404e914ebfbe1a0ce5b17e0 .filter-bg-decoration .filter-categories a.act {\n  color: #fff;\n}\n.blog-shortcode.blog-list-shortcode-id-aa7ddb26e404e914ebfbe1a0ce5b17e0:not(.mode-masonry) article {\n  margin-top: 50px;\n}\n.blog-shortcode.blog-list-shortcode-id-aa7ddb26e404e914ebfbe1a0ce5b17e0:not(.mode-masonry) article:first-of-type,\n.blog-shortcode.blog-list-shortcode-id-aa7ddb26e404e914ebfbe1a0ce5b17e0:not(.mode-masonry) article.visible.first:not(.product) {\n  margin-top: 0;\n}\n.blog-shortcode.blog-list-shortcode-id-aa7ddb26e404e914ebfbe1a0ce5b17e0.dividers-on:not(.mode-masonry) article {\n  margin-top: 0;\n  padding-top: 50px;\n}\n.blog-shortcode.blog-list-shortcode-id-aa7ddb26e404e914ebfbe1a0ce5b17e0.dividers-on:not(.mode-masonry) article:first-of-type,\n.blog-shortcode.blog-list-shortcode-id-aa7ddb26e404e914ebfbe1a0ce5b17e0.dividers-on:not(.mode-masonry) article.visible.first:not(.product) {\n  margin-top: 0;\n  padding-top: 0;\n}\n.blog-shortcode.blog-list-shortcode-id-aa7ddb26e404e914ebfbe1a0ce5b17e0 .post-thumbnail-wrap {\n  padding: 0px 0px 50px 0px;\n}\n.blog-shortcode.blog-list-shortcode-id-aa7ddb26e404e914ebfbe1a0ce5b17e0.enable-bg-rollover .post-thumbnail-rollover:after {\n  background: -webkit-linear-gradient();\n  background: linear-gradient();\n}\n.blog-shortcode.blog-list-shortcode-id-aa7ddb26e404e914ebfbe1a0ce5b17e0 .gallery-zoom-ico {\n  width: 44px;\n  height: 44px;\n  line-height: 44px;\n  border-radius: 100px;\n  margin: -22px 0 0 -22px;\n  border-width: 0px;\n  color: #ffffff;\n}\n.bottom-overlap-layout-list.blog-shortcode.blog-list-shortcode-id-aa7ddb26e404e914ebfbe1a0ce5b17e0 .gallery-zoom-ico {\n  margin-top: -22px;\n}\n.gradient-overlay-layout-list.blog-shortcode.blog-list-shortcode-id-aa7ddb26e404e914ebfbe1a0ce5b17e0 .gallery-zoom-ico,\n.content-rollover-layout-list.blog-shortcode.blog-list-shortcode-id-aa7ddb26e404e914ebfbe1a0ce5b17e0 .gallery-zoom-ico {\n  margin: 0 0 10px;\n}\n.content-align-center.gradient-overlay-layout-list.blog-shortcode.blog-list-shortcode-id-aa7ddb26e404e914ebfbe1a0ce5b17e0 .gallery-zoom-ico,\n.content-align-center.content-rollover-layout-list.blog-shortcode.blog-list-shortcode-id-aa7ddb26e404e914ebfbe1a0ce5b17e0 .gallery-zoom-ico {\n  margin: 0 auto 10px;\n}\n.dt-icon-bg-on.blog-shortcode.blog-list-shortcode-id-aa7ddb26e404e914ebfbe1a0ce5b17e0 .gallery-zoom-ico {\n  background: rgba(255,255,255,0.3);\n  box-shadow: none;\n}\n.blog-shortcode.blog-list-shortcode-id-aa7ddb26e404e914ebfbe1a0ce5b17e0 .gallery-zoom-ico > span,\n.blog-shortcode.blog-list-shortcode-id-aa7ddb26e404e914ebfbe1a0ce5b17e0 .gallery-zoom-ico:before {\n  font-size: 32px;\n  line-height: 44px;\n}\n.blog-shortcode.blog-list-shortcode-id-aa7ddb26e404e914ebfbe1a0ce5b17e0 .gallery-zoom-ico > span,\n.blog-shortcode.blog-list-shortcode-id-aa7ddb26e404e914ebfbe1a0ce5b17e0 .gallery-zoom-ico:before {\n  color: #ffffff;\n}\n.blog-shortcode.blog-list-shortcode-id-aa7ddb26e404e914ebfbe1a0ce5b17e0 .fancy-date a {\n  background: #ffffff;\n  box-shadow: none;\n}\n.blog-shortcode.blog-list-shortcode-id-aa7ddb26e404e914ebfbe1a0ce5b17e0 .fancy-date a * {\n  color: #2d2d2d;\n}\n.blog-shortcode.blog-list-shortcode-id-aa7ddb26e404e914ebfbe1a0ce5b17e0 .entry-title,\n.blog-shortcode.blog-list-shortcode-id-aa7ddb26e404e914ebfbe1a0ce5b17e0.owl-carousel .entry-title {\n  margin-bottom: 15px;\n  font-weight: bold;\n}\n.blog-shortcode.blog-list-shortcode-id-aa7ddb26e404e914ebfbe1a0ce5b17e0 .entry-meta {\n  margin-bottom: 15px;\n}\n.blog-shortcode.blog-list-shortcode-id-aa7ddb26e404e914ebfbe1a0ce5b17e0 .portfolio-categories {\n  margin-bottom: 15px;\n}\n.blog-shortcode.blog-list-shortcode-id-aa7ddb26e404e914ebfbe1a0ce5b17e0 .entry-excerpt {\n  margin-bottom: 10px;\n}\n.blog-shortcode.blog-list-shortcode-id-aa7ddb26e404e914ebfbe1a0ce5b17e0:not(.centered-layout-list) .post-entry-content {\n  padding: 0px 0px 50px 30px;\n}\n.blog-shortcode.blog-list-shortcode-id-aa7ddb26e404e914ebfbe1a0ce5b17e0:not(.centered-layout-list):not(.content-bg-on):not(.mode-list) .no-img .post-entry-content {\n  padding: 0;\n}\n@media screen and (max-width: 768px) {\n  .blog-shortcode.blog-list-shortcode-id-aa7ddb26e404e914ebfbe1a0ce5b17e0 article {\n    -ms-flex-flow: column nowrap;\n    flex-flow: column nowrap;\n    margin-top: 20px;\n  }\n  .blog-shortcode.blog-list-shortcode-id-aa7ddb26e404e914ebfbe1a0ce5b17e0.dividers-on article {\n    border: none;\n  }\n  .blog-shortcode.blog-list-shortcode-id-aa7ddb26e404e914ebfbe1a0ce5b17e0.content-bg-on.centered-layout-list article {\n    padding: 0;\n  }\n  .blog-shortcode.blog-list-shortcode-id-aa7ddb26e404e914ebfbe1a0ce5b17e0.blog-shortcode.dividers-on article,\n  .blog-shortcode.blog-list-shortcode-id-aa7ddb26e404e914ebfbe1a0ce5b17e0.dividers-on.classic-layout-list article {\n    margin-top: 20px;\n    padding: 0;\n  }\n  .blog-shortcode.blog-list-shortcode-id-aa7ddb26e404e914ebfbe1a0ce5b17e0.blog-shortcode.dividers-on article:first-of-type,\n  .blog-shortcode.blog-list-shortcode-id-aa7ddb26e404e914ebfbe1a0ce5b17e0.dividers-on.classic-layout-list article:first-of-type {\n    padding: 0;\n  }\n  #page .blog-shortcode.blog-list-shortcode-id-aa7ddb26e404e914ebfbe1a0ce5b17e0 .post-thumbnail-wrap,\n  #page .blog-shortcode.blog-list-shortcode-id-aa7ddb26e404e914ebfbe1a0ce5b17e0 .post-entry-content {\n    width: 100%;\n    margin: 0;\n    top: 0;\n  }\n  #page .blog-shortcode.blog-list-shortcode-id-aa7ddb26e404e914ebfbe1a0ce5b17e0 .post-thumbnail-wrap {\n    padding: 0;\n  }\n  #page .blog-shortcode.blog-list-shortcode-id-aa7ddb26e404e914ebfbe1a0ce5b17e0 .post-entry-content:after {\n    display: none;\n  }\n  #page .blog-shortcode.blog-list-shortcode-id-aa7ddb26e404e914ebfbe1a0ce5b17e0 .project-even .post-thumbnail-wrap,\n  #page .blog-shortcode.blog-list-shortcode-id-aa7ddb26e404e914ebfbe1a0ce5b17e0.centered-layout-list .post-thumbnail-wrap {\n    -ms-flex-order: 0;\n    order: 0;\n  }\n  #page .blog-shortcode.blog-list-shortcode-id-aa7ddb26e404e914ebfbe1a0ce5b17e0.centered-layout-list .post-entry-title-content {\n    -ms-flex-order: 1;\n    order: 1;\n    width: 100%;\n    padding: 20px 20px 0;\n  }\n  #page .blog-shortcode.blog-list-shortcode-id-aa7ddb26e404e914ebfbe1a0ce5b17e0.centered-layout-list .post-entry-content {\n    -ms-flex-order: 2;\n    order: 2;\n    padding-top: 0;\n  }\n  #page .blog-shortcode.blog-list-shortcode-id-aa7ddb26e404e914ebfbe1a0ce5b17e0 .fancy-categories {\n    top: 10px;\n    left: 10px;\n    bottom: auto;\n    right: auto;\n  }\n  #page .blog-shortcode.blog-list-shortcode-id-aa7ddb26e404e914ebfbe1a0ce5b17e0 .fancy-date a {\n    top: 10px;\n    right: 10px;\n    left: auto;\n    bottom: auto;\n  }\n  #page .blog-shortcode.blog-list-shortcode-id-aa7ddb26e404e914ebfbe1a0ce5b17e0 .post-entry-content {\n    padding: 20px;\n  }\n  #page .blog-shortcode.blog-list-shortcode-id-aa7ddb26e404e914ebfbe1a0ce5b17e0 .entry-title {\n    margin: 3px 0 5px;\n    font-size: 20px;\n    line-height: 26px;\n  }\n  #page .blog-shortcode.blog-list-shortcode-id-aa7ddb26e404e914ebfbe1a0ce5b17e0 .entry-meta {\n    margin: 5px 0 5px;\n  }\n  #page .blog-shortcode.blog-list-shortcode-id-aa7ddb26e404e914ebfbe1a0ce5b17e0 .entry-excerpt {\n    margin: 15px 0 0;\n  }\n  #page .blog-shortcode.blog-list-shortcode-id-aa7ddb26e404e914ebfbe1a0ce5b17e0 .post-details {\n    margin: 5px 0 10px;\n  }\n  #page .blog-shortcode.blog-list-shortcode-id-aa7ddb26e404e914ebfbe1a0ce5b17e0 .post-details.details-type-link {\n    margin-bottom: 2px;\n  }\n}\n<\/style><div class=\"articles-list blog-shortcode mode-list blog-list-shortcode-id-aa7ddb26e404e914ebfbe1a0ce5b17e0 classic-layout-list dividers-on enable-bg-rollover jquery-filter dt-icon-bg-off circle-fancy-style loading-effect-fade-in\" data-cur-page=\"1\" data-post-limit=\"6\" data-pagination-mode=\"pages\"><article class=\"post project-odd visible post-1720 type-post status-publish format-standard has-post-thumbnail hentry category-noticias tag-blog category-1 description-off\" data-name=\"Reportaje en Diario Financiero: La \u00abpermisolog\u00eda\u00bb en voz de los arque\u00f3logos.\" data-date=\"2024-08-09T16:15:40-03:00\">\n\n<div class=\"post-thumbnail-wrap\">\n\t<div class=\"post-thumbnail\">\n\n\t\t\n\t\t\n\t\t<a href=\"https:\/\/www.nomadesurconsultores.cl\/es\/2024\/08\/09\/reportaje-en-diario-financiero-la-permisologia-en-voz-de-los-arqueologos\/\" class=\"post-thumbnail-rollover layzr-bg layzr-bg\" ><img fetchpriority=\"high\" decoding=\"async\" class=\"blog-thumb-lazy-load preload-me lazy-load aspect\" src=\"data:image\/svg+xml,%3Csvg%20xmlns%3D&#39;http%3A%2F%2Fwww.w3.org%2F2000%2Fsvg&#39;%20viewBox%3D&#39;0%200%20768%20768&#39;%2F%3E\" data-src=\"https:\/\/www.nomadesurconsultores.cl\/wp-content\/uploads\/2024\/08\/Captura-de-pantalla-2024-08-09-a-las-14.17.42-768x768.png\" data-srcset=\"https:\/\/www.nomadesurconsultores.cl\/wp-content\/uploads\/2024\/08\/Captura-de-pantalla-2024-08-09-a-las-14.17.42-768x768.png 768w, https:\/\/www.nomadesurconsultores.cl\/wp-content\/uploads\/2024\/08\/Captura-de-pantalla-2024-08-09-a-las-14.17.42-1215x1215.png 1215w\" loading=\"eager\" style=\"--ratio: 768 \/ 768\" sizes=\"(max-width: 768px) 100vw, 768px\" alt=\"\" title=\"Captura de pantalla 2024-08-09 a la(s) 14.17.42\" width=\"768\" height=\"768\"  \/><\/a>\n\t<\/div>\n<\/div>\n\n\n<div class=\"post-entry-content\">\n\n\t<h3 class=\"entry-title\">\n\t\t<a href=\"https:\/\/www.nomadesurconsultores.cl\/es\/2024\/08\/09\/reportaje-en-diario-financiero-la-permisologia-en-voz-de-los-arqueologos\/\" title=\"Reportaje en Diario Financiero: La \u00abpermisolog\u00eda\u00bb en voz de los arque\u00f3logos.\" rel=\"bookmark\">Reportaje en Diario Financiero: La \u00abpermisolog\u00eda\u00bb en voz de los arque\u00f3logos.<\/a>\n\t<\/h3>\n\n\t\n\t<div class=\"entry-excerpt\"><p>Las sugerencias que hacen los arque\u00f3logos consultados para este art\u00edculo no distan mucho de las que hace la CNEP. Mar\u00eda Olga Lagos, arque\u00f3loga especialista en an\u00e1lisis cer\u00e1mico y gerenta general de la consultora N\u00f3made Sur, en relaci\u00f3n a los extensos plazos, plantea que \u201cde partida podr\u00edamos pensar en un sistema menos centralizado, un poco m\u00e1s&hellip;<\/p>\n<\/div>\n\t\n<a href=\"https:\/\/www.nomadesurconsultores.cl\/es\/2024\/08\/09\/reportaje-en-diario-financiero-la-permisologia-en-voz-de-los-arqueologos\/\" class=\"post-details details-type-link\" aria-label=\"Read more about Reportaje en Diario Financiero: La \u00abpermisolog\u00eda\u00bb en voz de los arque\u00f3logos.\">Leer art\u00edculo<i class=\"dt-icon-the7-arrow-03\" aria-hidden=\"true\"><\/i><\/a>\n\n<\/div><\/article><article class=\"post project-odd visible post-1661 type-post status-publish format-standard has-post-thumbnail hentry category-noticias tag-blog category-1 description-off\" data-name=\"Entrega material cultural museo regional de Ancud\" data-date=\"2023-11-13T12:18:36-03:00\">\n\n<div class=\"post-thumbnail-wrap\">\n\t<div class=\"post-thumbnail\">\n\n\t\t\n\t\t\n\t\t<a href=\"https:\/\/www.nomadesurconsultores.cl\/es\/2023\/11\/13\/entrega-material-cultural-museo-regional-de-ancud\/\" class=\"post-thumbnail-rollover layzr-bg layzr-bg\" ><img decoding=\"async\" class=\"blog-thumb-lazy-load preload-me lazy-load aspect\" src=\"data:image\/svg+xml,%3Csvg%20xmlns%3D&#39;http%3A%2F%2Fwww.w3.org%2F2000%2Fsvg&#39;%20viewBox%3D&#39;0%200%20665%20665&#39;%2F%3E\" data-src=\"https:\/\/www.nomadesurconsultores.cl\/wp-content\/uploads\/2023\/11\/portada2-665x665.jpg\" data-srcset=\"https:\/\/www.nomadesurconsultores.cl\/wp-content\/uploads\/2023\/11\/portada2-665x665.jpg 665w\" loading=\"eager\" style=\"--ratio: 665 \/ 665\" sizes=\"(max-width: 665px) 100vw, 665px\" alt=\"\" title=\"portada2\" width=\"665\" height=\"665\"  \/><\/a>\n\t<\/div>\n<\/div>\n\n\n<div class=\"post-entry-content\">\n\n\t<h3 class=\"entry-title\">\n\t\t<a href=\"https:\/\/www.nomadesurconsultores.cl\/es\/2023\/11\/13\/entrega-material-cultural-museo-regional-de-ancud\/\" title=\"Entrega material cultural museo regional de Ancud\" rel=\"bookmark\">Entrega material cultural museo regional de Ancud<\/a>\n\t<\/h3>\n\n\t\n\t<div class=\"entry-excerpt\"><p>El 23 de octubre reci\u00e9n pasado, N\u00f3made Sur Consultores hizo la entrega del material cultural proveniente de la caracterizaci\u00f3n arqueol\u00f3gica realizada en el marco del proyecto Construcci\u00f3n Bypass Castro, Regi\u00f3n de Los Lagos, Chilo\u00e9. Jannette Gonz\u00e1lez Pulgar, encargada de colecciones del Museo Regional de Ancud, fue la encargada de la recepci\u00f3n de los materiales, tambi\u00e9n&hellip;<\/p>\n<\/div>\n\t\n<a href=\"https:\/\/www.nomadesurconsultores.cl\/es\/2023\/11\/13\/entrega-material-cultural-museo-regional-de-ancud\/\" class=\"post-details details-type-link\" aria-label=\"Read more about Entrega material cultural museo regional de Ancud\">Leer art\u00edculo<i class=\"dt-icon-the7-arrow-03\" aria-hidden=\"true\"><\/i><\/a>\n\n<\/div><\/article><article class=\"post project-odd visible post-316 type-post status-publish format-standard has-post-thumbnail hentry category-noticias tag-blog category-1 description-off\" data-name=\"XXIII Congreso Nacional de Arqueolog\u00eda Chilena\" data-date=\"2023-06-27T18:05:01-03:00\">\n\n<div class=\"post-thumbnail-wrap\">\n\t<div class=\"post-thumbnail\">\n\n\t\t\n\t\t\n\t\t<a href=\"https:\/\/www.nomadesurconsultores.cl\/es\/2023\/06\/27\/xxiii-congreso-nacional-de-arqueologia-chilena\/\" class=\"post-thumbnail-rollover layzr-bg layzr-bg\" ><img decoding=\"async\" class=\"blog-thumb-lazy-load preload-me lazy-load aspect\" src=\"data:image\/svg+xml,%3Csvg%20xmlns%3D&#39;http%3A%2F%2Fwww.w3.org%2F2000%2Fsvg&#39;%20viewBox%3D&#39;0%200%20665%20665&#39;%2F%3E\" data-src=\"https:\/\/www.nomadesurconsultores.cl\/wp-content\/uploads\/2023\/04\/Noticia-1-665x665.png\" data-srcset=\"https:\/\/www.nomadesurconsultores.cl\/wp-content\/uploads\/2023\/04\/Noticia-1-665x665.png 665w\" loading=\"eager\" style=\"--ratio: 665 \/ 665\" sizes=\"(max-width: 665px) 100vw, 665px\" alt=\"\" title=\"Noticia 1\" width=\"665\" height=\"665\"  \/><\/a>\n\t<\/div>\n<\/div>\n\n\n<div class=\"post-entry-content\">\n\n\t<h3 class=\"entry-title\">\n\t\t<a href=\"https:\/\/www.nomadesurconsultores.cl\/es\/2023\/06\/27\/xxiii-congreso-nacional-de-arqueologia-chilena\/\" title=\"XXIII Congreso Nacional de Arqueolog\u00eda Chilena\" rel=\"bookmark\">XXIII Congreso Nacional de Arqueolog\u00eda Chilena<\/a>\n\t<\/h3>\n\n\t\n\t<div class=\"entry-excerpt\"><p>La sociedad Chilena de Arqueolog\u00eda y la Escuela de Antropolog\u00eda de la Pontificia Universidad Cat\u00f3lica de Chile, han conformado ya hace algunos meses la Comisi\u00f3n organizadora del XXIII Congreso Nacional de Arqueolog\u00eda Chilena, que cobrara vida entre el 2 y el 6 de diciembre del a\u00f1o 2024. El encuentro se dara cita en el Campus&hellip;<\/p>\n<\/div>\n\t\n<a href=\"https:\/\/www.nomadesurconsultores.cl\/es\/2023\/06\/27\/xxiii-congreso-nacional-de-arqueologia-chilena\/\" class=\"post-details details-type-link\" aria-label=\"Read more about XXIII Congreso Nacional de Arqueolog\u00eda Chilena\">Leer art\u00edculo<i class=\"dt-icon-the7-arrow-03\" aria-hidden=\"true\"><\/i><\/a>\n\n<\/div><\/article><article class=\"post project-odd visible post-317 type-post status-publish format-standard has-post-thumbnail hentry category-noticias tag-blog category-1 description-off\" data-name=\"Aniversario N\u00b06 N\u00f3made Sur\" data-date=\"2023-06-26T18:04:56-03:00\">\n\n<div class=\"post-thumbnail-wrap\">\n\t<div class=\"post-thumbnail\">\n\n\t\t\n\t\t\n\t\t<a href=\"https:\/\/www.nomadesurconsultores.cl\/es\/2023\/06\/26\/aniversario-n6-nomade-sur\/\" class=\"post-thumbnail-rollover layzr-bg layzr-bg\" ><img decoding=\"async\" class=\"blog-thumb-lazy-load preload-me lazy-load aspect\" src=\"data:image\/svg+xml,%3Csvg%20xmlns%3D&#39;http%3A%2F%2Fwww.w3.org%2F2000%2Fsvg&#39;%20viewBox%3D&#39;0%200%20768%20768&#39;%2F%3E\" data-src=\"https:\/\/www.nomadesurconsultores.cl\/wp-content\/uploads\/2023\/04\/Noticia-2-6to-aniversario-nomadesur-768x768.jpg\" data-srcset=\"https:\/\/www.nomadesurconsultores.cl\/wp-content\/uploads\/2023\/04\/Noticia-2-6to-aniversario-nomadesur-768x768.jpg 768w, https:\/\/www.nomadesurconsultores.cl\/wp-content\/uploads\/2023\/04\/Noticia-2-6to-aniversario-nomadesur-1080x1080.jpg 1080w\" loading=\"eager\" style=\"--ratio: 768 \/ 768\" sizes=\"(max-width: 768px) 100vw, 768px\" alt=\"\" title=\"Noticia-2-6to-aniversario-nomadesur\" width=\"768\" height=\"768\"  \/><\/a>\n\t<\/div>\n<\/div>\n\n\n<div class=\"post-entry-content\">\n\n\t<h3 class=\"entry-title\">\n\t\t<a href=\"https:\/\/www.nomadesurconsultores.cl\/es\/2023\/06\/26\/aniversario-n6-nomade-sur\/\" title=\"Aniversario N\u00b06 N\u00f3made Sur\" rel=\"bookmark\">Aniversario N\u00b06 N\u00f3made Sur<\/a>\n\t<\/h3>\n\n\t\n\t<div class=\"entry-excerpt\"><p>El martes 16 de mayo reci\u00e9n pasado, nuestra consultora N\u00f3made Sur celebr\u00f3 su sexto aniversario. Han sido ya seis a\u00f1os desde que N\u00f3made Sur se fundo, y estamos orgullosas del camino recorrido hasta hoy, continuamos trabajando con todas las energ\u00edas puestas en los futuros desaf\u00edos que nos hemos planteado como equipo. Agradecer tambi\u00e9n a cada&hellip;<\/p>\n<\/div>\n\t\n<a href=\"https:\/\/www.nomadesurconsultores.cl\/es\/2023\/06\/26\/aniversario-n6-nomade-sur\/\" class=\"post-details details-type-link\" aria-label=\"Read more about Aniversario N\u00b06 N\u00f3made Sur\">Leer art\u00edculo<i class=\"dt-icon-the7-arrow-03\" aria-hidden=\"true\"><\/i><\/a>\n\n<\/div><\/article><div class=\"paginator\" role=\"navigation\"><\/div><\/div><\/div><\/div><\/div><\/div>\n<\/section>","protected":false},"excerpt":{"rendered":"","protected":false},"author":1,"featured_media":0,"parent":0,"menu_order":3,"comment_status":"closed","ping_status":"closed","template":"","meta":{"footnotes":""},"class_list":["post-305","page","type-page","status-publish","hentry","description-off"],"_links":{"self":[{"href":"https:\/\/www.nomadesurconsultores.cl\/es\/wp-json\/wp\/v2\/pages\/305","targetHints":{"allow":["GET"]}}],"collection":[{"href":"https:\/\/www.nomadesurconsultores.cl\/es\/wp-json\/wp\/v2\/pages"}],"about":[{"href":"https:\/\/www.nomadesurconsultores.cl\/es\/wp-json\/wp\/v2\/types\/page"}],"author":[{"embeddable":true,"href":"https:\/\/www.nomadesurconsultores.cl\/es\/wp-json\/wp\/v2\/users\/1"}],"replies":[{"embeddable":true,"href":"https:\/\/www.nomadesurconsultores.cl\/es\/wp-json\/wp\/v2\/comments?post=305"}],"version-history":[{"count":2,"href":"https:\/\/www.nomadesurconsultores.cl\/es\/wp-json\/wp\/v2\/pages\/305\/revisions"}],"predecessor-version":[{"id":1603,"href":"https:\/\/www.nomadesurconsultores.cl\/es\/wp-json\/wp\/v2\/pages\/305\/revisions\/1603"}],"wp:attachment":[{"href":"https:\/\/www.nomadesurconsultores.cl\/es\/wp-json\/wp\/v2\/media?parent=305"}],"curies":[{"name":"wp","href":"https:\/\/api.w.org\/{rel}","templated":true}]}}