{"id":308,"date":"2016-06-28T01:40:45","date_gmt":"2016-06-28T00:40:45","guid":{"rendered":"https:\/\/the7.io\/construction\/?page_id=308"},"modified":"2025-11-18T17:48:59","modified_gmt":"2025-11-18T20:48:59","slug":"contactanos","status":"publish","type":"page","link":"https:\/\/www.nomadesurconsultores.cl\/es\/contactanos\/","title":{"rendered":"Cont\u00e1ctanos"},"content":{"rendered":"<section class=\"wpb-content-wrapper\"><div class=\"vc_row wpb_row vc_row-fluid vc_custom_1578745920592 vc_row-o-content-top vc_row-flex\"><div class=\"wpb_column vc_column_container vc_col-sm-6 vc_col-lg-4 vc_col-md-4\"><div class=\"vc_column-inner\"><div class=\"wpb_wrapper\"><style type=\"text\/css\" data-type=\"the7_shortcodes-inline-css\">.icon-with-text-shortcode.icon-text-id-fbbf76de5b33802fa7b2192e5e8f87cd .text-icon {\n  width: 46px;\n  height: 46px;\n  line-height: 46px;\n  font-size: 40px;\n  border-radius: 0px;\n  margin: 0px 10px 10px 0px;\n}\n.icon-with-text-shortcode.icon-text-id-fbbf76de5b33802fa7b2192e5e8f87cd .text-icon .icon-inner {\n  min-width: 46px;\n  min-height: 46px;\n  border-radius: 0px;\n}\n@media all and (-ms-high-contrast: none) {\n  .icon-with-text-shortcode.icon-text-id-fbbf76de5b33802fa7b2192e5e8f87cd .text-icon .icon-inner {\n    height: 46px;\n  }\n}\n.icon-with-text-shortcode.icon-text-id-fbbf76de5b33802fa7b2192e5e8f87cd .text-icon .dt-hover-icon {\n  line-height: 46px;\n}\n.icon-with-text-shortcode.icon-text-id-fbbf76de5b33802fa7b2192e5e8f87cd .text-icon:before,\n.icon-with-text-shortcode.icon-text-id-fbbf76de5b33802fa7b2192e5e8f87cd .text-icon:after,\n.icon-with-text-shortcode.icon-text-id-fbbf76de5b33802fa7b2192e5e8f87cd .text-icon .icon-inner:before,\n.icon-with-text-shortcode.icon-text-id-fbbf76de5b33802fa7b2192e5e8f87cd .text-icon .icon-inner:after {\n  min-width: 100%;\n  min-height: 100%;\n  padding: inherit;\n  border-radius: inherit;\n}\n.icon-with-text-shortcode.icon-text-id-fbbf76de5b33802fa7b2192e5e8f87cd .text-icon.dt-icon-border-on:before {\n  border-width: 0px;\n  border-style: solid;\n}\n.dt-icon-border-dashed.icon-with-text-shortcode.icon-text-id-fbbf76de5b33802fa7b2192e5e8f87cd .text-icon.dt-icon-border-on:before {\n  border-style: dashed;\n}\n.dt-icon-border-dotted.icon-with-text-shortcode.icon-text-id-fbbf76de5b33802fa7b2192e5e8f87cd .text-icon.dt-icon-border-on:before {\n  border-style: dotted;\n}\n.dt-icon-border-double.icon-with-text-shortcode.icon-text-id-fbbf76de5b33802fa7b2192e5e8f87cd .text-icon.dt-icon-border-on:before {\n  border-style: double;\n}\n.icon-with-text-shortcode.icon-text-id-fbbf76de5b33802fa7b2192e5e8f87cd .text-icon.dt-icon-border-dashed.dt-icon-border-on:before {\n  border-style: dashed;\n}\n.icon-with-text-shortcode.icon-text-id-fbbf76de5b33802fa7b2192e5e8f87cd .text-icon.dt-icon-border-dotted.dt-icon-border-on:before {\n  border-style: dotted;\n}\n.icon-with-text-shortcode.icon-text-id-fbbf76de5b33802fa7b2192e5e8f87cd .text-icon.dt-icon-border-double.dt-icon-border-on:before {\n  border-style: double;\n}\n.icon-with-text-shortcode.icon-text-id-fbbf76de5b33802fa7b2192e5e8f87cd .text-icon.dt-icon-hover-border-on:after {\n  border-width: 0px;\n  border-style: solid;\n}\n.icon-with-text-shortcode.icon-text-id-fbbf76de5b33802fa7b2192e5e8f87cd .text-icon.dt-icon-border-dashed.dt-icon-hover-border-on:after {\n  border-style: dashed;\n}\n.icon-with-text-shortcode.icon-text-id-fbbf76de5b33802fa7b2192e5e8f87cd .text-icon.dt-icon-border-dotted.dt-icon-hover-border-on:after {\n  border-style: dotted;\n}\n.icon-with-text-shortcode.icon-text-id-fbbf76de5b33802fa7b2192e5e8f87cd .text-icon.dt-icon-border-double.dt-icon-hover-border-on:after {\n  border-style: double;\n}\n.icon-with-text-shortcode.icon-text-id-fbbf76de5b33802fa7b2192e5e8f87cd .text-icon.dt-icon-hover-on:hover {\n  font-size: 40px;\n}\n#page .icon-with-text-shortcode.icon-text-id-fbbf76de5b33802fa7b2192e5e8f87cd .text-icon.dt-icon-hover-on:hover .soc-font-icon,\n#phantom .icon-with-text-shortcode.icon-text-id-fbbf76de5b33802fa7b2192e5e8f87cd .text-icon.dt-icon-hover-on:hover .soc-font-icon,\n#page .icon-with-text-shortcode.icon-text-id-fbbf76de5b33802fa7b2192e5e8f87cd .text-icon.dt-icon-hover-on:hover .soc-icon,\n#phantom .icon-with-text-shortcode.icon-text-id-fbbf76de5b33802fa7b2192e5e8f87cd .text-icon.dt-icon-hover-on:hover .soc-icon {\n  color: #fff;\n  background: none;\n}\n.icon-with-text-shortcode.icon-text-id-fbbf76de5b33802fa7b2192e5e8f87cd.layout-1 {\n  grid-template-columns: 46px minmax(0,1fr);\n  grid-column-gap: 10px;\n}\n.icon-with-text-shortcode.icon-text-id-fbbf76de5b33802fa7b2192e5e8f87cd.layout-2 {\n  grid-template-columns: minmax(0,1fr) 46px;\n  grid-column-gap: 0px;\n}\n.icon-with-text-shortcode.icon-text-id-fbbf76de5b33802fa7b2192e5e8f87cd.layout-2 .text-icon {\n  margin-left: 0;\n}\n.icon-with-text-shortcode.icon-text-id-fbbf76de5b33802fa7b2192e5e8f87cd.layout-3 {\n  grid-template-columns: 46px minmax(0,1fr);\n}\n.icon-with-text-shortcode.icon-text-id-fbbf76de5b33802fa7b2192e5e8f87cd.layout-3 .dt-text-title {\n  margin-left: 10px;\n}\n.icon-with-text-shortcode.icon-text-id-fbbf76de5b33802fa7b2192e5e8f87cd .dt-text-title,\n.icon-with-text-shortcode.icon-text-id-fbbf76de5b33802fa7b2192e5e8f87cd .dt-text-title a {\n  font-weight: bold;\n}\n.icon-with-text-shortcode.icon-text-id-fbbf76de5b33802fa7b2192e5e8f87cd .dt-text-title {\n  margin-bottom: 10px;\n}\n.icon-with-text-shortcode.icon-text-id-fbbf76de5b33802fa7b2192e5e8f87cd .dt-text-desc {\n  margin-bottom: 0px;\n  font-size: 16px;\n  line-height: 28px;\n}\n<\/style><div class=\"icon-with-text-shortcode  icon-text-id-fbbf76de5b33802fa7b2192e5e8f87cd layout-5  vc_custom_1686671815377\" ><span   class=\"text-icon dt-icon-bg-off dt-icon-hover-off\" ><span class=\"icon-inner\"><i class=\"dt-regular-icon soc-icon icomoon-the7-font-the7-map-07\"><\/i><i class=\"dt-hover-icon soc-icon icomoon-the7-font-the7-map-07\"><\/i><\/span><\/span><h5 class=\"dt-text-title\"  >Direcci\u00f3n<\/h5><div class=\"dt-text-desc\">18 de septiembre #525 of. 302, Temuco.<\/div><\/div><\/div><\/div><\/div><div class=\"wpb_column vc_column_container vc_col-sm-6 vc_col-lg-4 vc_col-md-4\"><div class=\"vc_column-inner\"><div class=\"wpb_wrapper\"><style type=\"text\/css\" data-type=\"the7_shortcodes-inline-css\">.icon-with-text-shortcode.icon-text-id-9eebd5084f18f7b0c1356326d46f7002 .text-icon {\n  width: 46px;\n  height: 46px;\n  line-height: 46px;\n  font-size: 40px;\n  border-radius: 0px;\n  margin: 0px 10px 10px 0px;\n}\n.icon-with-text-shortcode.icon-text-id-9eebd5084f18f7b0c1356326d46f7002 .text-icon .icon-inner {\n  min-width: 46px;\n  min-height: 46px;\n  border-radius: 0px;\n}\n@media all and (-ms-high-contrast: none) {\n  .icon-with-text-shortcode.icon-text-id-9eebd5084f18f7b0c1356326d46f7002 .text-icon .icon-inner {\n    height: 46px;\n  }\n}\n.icon-with-text-shortcode.icon-text-id-9eebd5084f18f7b0c1356326d46f7002 .text-icon .dt-hover-icon {\n  line-height: 46px;\n}\n.icon-with-text-shortcode.icon-text-id-9eebd5084f18f7b0c1356326d46f7002 .text-icon:before,\n.icon-with-text-shortcode.icon-text-id-9eebd5084f18f7b0c1356326d46f7002 .text-icon:after,\n.icon-with-text-shortcode.icon-text-id-9eebd5084f18f7b0c1356326d46f7002 .text-icon .icon-inner:before,\n.icon-with-text-shortcode.icon-text-id-9eebd5084f18f7b0c1356326d46f7002 .text-icon .icon-inner:after {\n  min-width: 100%;\n  min-height: 100%;\n  padding: inherit;\n  border-radius: inherit;\n}\n.icon-with-text-shortcode.icon-text-id-9eebd5084f18f7b0c1356326d46f7002 .text-icon.dt-icon-border-on:before {\n  border-width: 0px;\n  border-style: solid;\n}\n.dt-icon-border-dashed.icon-with-text-shortcode.icon-text-id-9eebd5084f18f7b0c1356326d46f7002 .text-icon.dt-icon-border-on:before {\n  border-style: dashed;\n}\n.dt-icon-border-dotted.icon-with-text-shortcode.icon-text-id-9eebd5084f18f7b0c1356326d46f7002 .text-icon.dt-icon-border-on:before {\n  border-style: dotted;\n}\n.dt-icon-border-double.icon-with-text-shortcode.icon-text-id-9eebd5084f18f7b0c1356326d46f7002 .text-icon.dt-icon-border-on:before {\n  border-style: double;\n}\n.icon-with-text-shortcode.icon-text-id-9eebd5084f18f7b0c1356326d46f7002 .text-icon.dt-icon-border-dashed.dt-icon-border-on:before {\n  border-style: dashed;\n}\n.icon-with-text-shortcode.icon-text-id-9eebd5084f18f7b0c1356326d46f7002 .text-icon.dt-icon-border-dotted.dt-icon-border-on:before {\n  border-style: dotted;\n}\n.icon-with-text-shortcode.icon-text-id-9eebd5084f18f7b0c1356326d46f7002 .text-icon.dt-icon-border-double.dt-icon-border-on:before {\n  border-style: double;\n}\n.icon-with-text-shortcode.icon-text-id-9eebd5084f18f7b0c1356326d46f7002 .text-icon.dt-icon-hover-border-on:after {\n  border-width: 0px;\n  border-style: solid;\n}\n.icon-with-text-shortcode.icon-text-id-9eebd5084f18f7b0c1356326d46f7002 .text-icon.dt-icon-border-dashed.dt-icon-hover-border-on:after {\n  border-style: dashed;\n}\n.icon-with-text-shortcode.icon-text-id-9eebd5084f18f7b0c1356326d46f7002 .text-icon.dt-icon-border-dotted.dt-icon-hover-border-on:after {\n  border-style: dotted;\n}\n.icon-with-text-shortcode.icon-text-id-9eebd5084f18f7b0c1356326d46f7002 .text-icon.dt-icon-border-double.dt-icon-hover-border-on:after {\n  border-style: double;\n}\n.icon-with-text-shortcode.icon-text-id-9eebd5084f18f7b0c1356326d46f7002 .text-icon.dt-icon-hover-on:hover {\n  font-size: 40px;\n}\n#page .icon-with-text-shortcode.icon-text-id-9eebd5084f18f7b0c1356326d46f7002 .text-icon.dt-icon-hover-on:hover .soc-font-icon,\n#phantom .icon-with-text-shortcode.icon-text-id-9eebd5084f18f7b0c1356326d46f7002 .text-icon.dt-icon-hover-on:hover .soc-font-icon,\n#page .icon-with-text-shortcode.icon-text-id-9eebd5084f18f7b0c1356326d46f7002 .text-icon.dt-icon-hover-on:hover .soc-icon,\n#phantom .icon-with-text-shortcode.icon-text-id-9eebd5084f18f7b0c1356326d46f7002 .text-icon.dt-icon-hover-on:hover .soc-icon {\n  color: #fff;\n  background: none;\n}\n.icon-with-text-shortcode.icon-text-id-9eebd5084f18f7b0c1356326d46f7002.layout-1 {\n  grid-template-columns: 46px minmax(0,1fr);\n  grid-column-gap: 10px;\n}\n.icon-with-text-shortcode.icon-text-id-9eebd5084f18f7b0c1356326d46f7002.layout-2 {\n  grid-template-columns: minmax(0,1fr) 46px;\n  grid-column-gap: 0px;\n}\n.icon-with-text-shortcode.icon-text-id-9eebd5084f18f7b0c1356326d46f7002.layout-2 .text-icon {\n  margin-left: 0;\n}\n.icon-with-text-shortcode.icon-text-id-9eebd5084f18f7b0c1356326d46f7002.layout-3 {\n  grid-template-columns: 46px minmax(0,1fr);\n}\n.icon-with-text-shortcode.icon-text-id-9eebd5084f18f7b0c1356326d46f7002.layout-3 .dt-text-title {\n  margin-left: 10px;\n}\n.icon-with-text-shortcode.icon-text-id-9eebd5084f18f7b0c1356326d46f7002 .dt-text-title,\n.icon-with-text-shortcode.icon-text-id-9eebd5084f18f7b0c1356326d46f7002 .dt-text-title a {\n  font-weight: bold;\n}\n.icon-with-text-shortcode.icon-text-id-9eebd5084f18f7b0c1356326d46f7002 .dt-text-title {\n  margin-bottom: 10px;\n}\n.icon-with-text-shortcode.icon-text-id-9eebd5084f18f7b0c1356326d46f7002 .dt-text-desc {\n  margin-bottom: 0px;\n  font-size: 16px;\n  line-height: 28px;\n}\n<\/style><div class=\"icon-with-text-shortcode  icon-text-id-9eebd5084f18f7b0c1356326d46f7002 layout-5  vc_custom_1763498934711\" ><span   class=\"text-icon dt-icon-bg-off dt-icon-hover-off\" ><span class=\"icon-inner\"><i class=\"dt-regular-icon soc-icon icomoon-the7-font-the7-phone-04\"><\/i><i class=\"dt-hover-icon soc-icon icomoon-the7-font-the7-phone-04\"><\/i><\/span><\/span><h5 class=\"dt-text-title\"  >Ll\u00e1manos<\/h5><div class=\"dt-text-desc\">+56 9 7979 1461<\/div><\/div><\/div><\/div><\/div><div class=\"wpb_column vc_column_container vc_col-sm-6 vc_col-lg-4 vc_col-md-4\"><div class=\"vc_column-inner\"><div class=\"wpb_wrapper\"><style type=\"text\/css\" data-type=\"the7_shortcodes-inline-css\">.icon-with-text-shortcode.icon-text-id-2e9168507994ebd24699cc30232adf8d .text-icon {\n  width: 46px;\n  height: 46px;\n  line-height: 46px;\n  font-size: 40px;\n  border-radius: 0px;\n  margin: 0px 10px 10px 0px;\n}\n.icon-with-text-shortcode.icon-text-id-2e9168507994ebd24699cc30232adf8d .text-icon .icon-inner {\n  min-width: 46px;\n  min-height: 46px;\n  border-radius: 0px;\n}\n@media all and (-ms-high-contrast: none) {\n  .icon-with-text-shortcode.icon-text-id-2e9168507994ebd24699cc30232adf8d .text-icon .icon-inner {\n    height: 46px;\n  }\n}\n.icon-with-text-shortcode.icon-text-id-2e9168507994ebd24699cc30232adf8d .text-icon .dt-hover-icon {\n  line-height: 46px;\n}\n.icon-with-text-shortcode.icon-text-id-2e9168507994ebd24699cc30232adf8d .text-icon:before,\n.icon-with-text-shortcode.icon-text-id-2e9168507994ebd24699cc30232adf8d .text-icon:after,\n.icon-with-text-shortcode.icon-text-id-2e9168507994ebd24699cc30232adf8d .text-icon .icon-inner:before,\n.icon-with-text-shortcode.icon-text-id-2e9168507994ebd24699cc30232adf8d .text-icon .icon-inner:after {\n  min-width: 100%;\n  min-height: 100%;\n  padding: inherit;\n  border-radius: inherit;\n}\n.icon-with-text-shortcode.icon-text-id-2e9168507994ebd24699cc30232adf8d .text-icon.dt-icon-border-on:before {\n  border-width: 0px;\n  border-style: solid;\n}\n.dt-icon-border-dashed.icon-with-text-shortcode.icon-text-id-2e9168507994ebd24699cc30232adf8d .text-icon.dt-icon-border-on:before {\n  border-style: dashed;\n}\n.dt-icon-border-dotted.icon-with-text-shortcode.icon-text-id-2e9168507994ebd24699cc30232adf8d .text-icon.dt-icon-border-on:before {\n  border-style: dotted;\n}\n.dt-icon-border-double.icon-with-text-shortcode.icon-text-id-2e9168507994ebd24699cc30232adf8d .text-icon.dt-icon-border-on:before {\n  border-style: double;\n}\n.icon-with-text-shortcode.icon-text-id-2e9168507994ebd24699cc30232adf8d .text-icon.dt-icon-border-dashed.dt-icon-border-on:before {\n  border-style: dashed;\n}\n.icon-with-text-shortcode.icon-text-id-2e9168507994ebd24699cc30232adf8d .text-icon.dt-icon-border-dotted.dt-icon-border-on:before {\n  border-style: dotted;\n}\n.icon-with-text-shortcode.icon-text-id-2e9168507994ebd24699cc30232adf8d .text-icon.dt-icon-border-double.dt-icon-border-on:before {\n  border-style: double;\n}\n.icon-with-text-shortcode.icon-text-id-2e9168507994ebd24699cc30232adf8d .text-icon.dt-icon-hover-border-on:after {\n  border-width: 0px;\n  border-style: solid;\n}\n.icon-with-text-shortcode.icon-text-id-2e9168507994ebd24699cc30232adf8d .text-icon.dt-icon-border-dashed.dt-icon-hover-border-on:after {\n  border-style: dashed;\n}\n.icon-with-text-shortcode.icon-text-id-2e9168507994ebd24699cc30232adf8d .text-icon.dt-icon-border-dotted.dt-icon-hover-border-on:after {\n  border-style: dotted;\n}\n.icon-with-text-shortcode.icon-text-id-2e9168507994ebd24699cc30232adf8d .text-icon.dt-icon-border-double.dt-icon-hover-border-on:after {\n  border-style: double;\n}\n.icon-with-text-shortcode.icon-text-id-2e9168507994ebd24699cc30232adf8d .text-icon.dt-icon-hover-on:hover {\n  font-size: 40px;\n}\n#page .icon-with-text-shortcode.icon-text-id-2e9168507994ebd24699cc30232adf8d .text-icon.dt-icon-hover-on:hover .soc-font-icon,\n#phantom .icon-with-text-shortcode.icon-text-id-2e9168507994ebd24699cc30232adf8d .text-icon.dt-icon-hover-on:hover .soc-font-icon,\n#page .icon-with-text-shortcode.icon-text-id-2e9168507994ebd24699cc30232adf8d .text-icon.dt-icon-hover-on:hover .soc-icon,\n#phantom .icon-with-text-shortcode.icon-text-id-2e9168507994ebd24699cc30232adf8d .text-icon.dt-icon-hover-on:hover .soc-icon {\n  color: #fff;\n  background: none;\n}\n.icon-with-text-shortcode.icon-text-id-2e9168507994ebd24699cc30232adf8d.layout-1 {\n  grid-template-columns: 46px minmax(0,1fr);\n  grid-column-gap: 10px;\n}\n.icon-with-text-shortcode.icon-text-id-2e9168507994ebd24699cc30232adf8d.layout-2 {\n  grid-template-columns: minmax(0,1fr) 46px;\n  grid-column-gap: 0px;\n}\n.icon-with-text-shortcode.icon-text-id-2e9168507994ebd24699cc30232adf8d.layout-2 .text-icon {\n  margin-left: 0;\n}\n.icon-with-text-shortcode.icon-text-id-2e9168507994ebd24699cc30232adf8d.layout-3 {\n  grid-template-columns: 46px minmax(0,1fr);\n}\n.icon-with-text-shortcode.icon-text-id-2e9168507994ebd24699cc30232adf8d.layout-3 .dt-text-title {\n  margin-left: 10px;\n}\n.icon-with-text-shortcode.icon-text-id-2e9168507994ebd24699cc30232adf8d .dt-text-title,\n.icon-with-text-shortcode.icon-text-id-2e9168507994ebd24699cc30232adf8d .dt-text-title a {\n  font-weight: bold;\n}\n.icon-with-text-shortcode.icon-text-id-2e9168507994ebd24699cc30232adf8d .dt-text-title {\n  margin-bottom: 10px;\n}\n.icon-with-text-shortcode.icon-text-id-2e9168507994ebd24699cc30232adf8d .dt-text-desc {\n  margin-bottom: 0px;\n  font-size: 16px;\n  line-height: 28px;\n}\n<\/style><div class=\"icon-with-text-shortcode  icon-text-id-2e9168507994ebd24699cc30232adf8d layout-5  vc_custom_1695742587491\" ><span   class=\"text-icon dt-icon-bg-off dt-icon-hover-off\" ><span class=\"icon-inner\"><i class=\"dt-regular-icon soc-icon icomoon-the7-font-the7-mail-08\"><\/i><i class=\"dt-hover-icon soc-icon icomoon-the7-font-the7-mail-08\"><\/i><\/span><\/span><h5 class=\"dt-text-title\"  >Correo<\/h5><div class=\"dt-text-desc\">contacto@nomadesurconsultores.cl<\/div><\/div><\/div><\/div><\/div><\/div><div class=\"vc_row wpb_row vc_row-fluid vc_custom_1495106084943 vc_column-gap-30 vc_row-o-equal-height vc_row-flex\"><div class=\"wpb_column vc_column_container vc_col-sm-12 vc_col-lg-offset-0 vc_col-lg-6 vc_col-md-offset-0 vc_col-md-6 vc_col-sm-offset-0 vc_col-has-fill\"><div class=\"vc_column-inner vc_custom_1495106016533\"><div class=\"wpb_wrapper\"><div id=\"ultimate-heading-14876a079377dc756\" class=\"uvc-heading ult-adjust-bottom-margin ultimate-heading-14876a079377dc756 uvc-7555\" data-hspacer=\"no_spacer\"  data-halign=\"left\" style=\"text-align:left\"><div class=\"uvc-heading-spacer no_spacer\" style=\"top\"><\/div><div class=\"uvc-main-heading ult-responsive\"  data-ultimate-target='.uvc-heading.ultimate-heading-14876a079377dc756 h2'  data-responsive-json-new='{\"font-size\":\"desktop:26px;\",\"line-height\":\"desktop:36px;\"}' ><h2 style=\"font-weight:bold;margin-bottom:30px;\">Ubicaci\u00f3n<\/h2><\/div><\/div><div class=\"wpb_gmaps_widget wpb_content_element\"><div class=\"wpb_wrapper\"><div class=\"wpb_map_wraper\"><iframe src=\"https:\/\/www.google.com\/maps\/embed?pb=!1m18!1m12!1m3!1d2030.1869818186929!2d-72.60778463936812!3d-38.73630867415066!2m3!1f0!2f0!3f0!3m2!1i1024!2i768!4f13.1!3m3!1m2!1s0x9614d3f0f19be99f%3A0xf913949e4c1ee225!2sDieciocho%20de%20Septiembre%20525%2C%204810345%20Temuco%2C%20Araucan%C3%ADa!5e0!3m2!1ses-419!2scl!4v1687993189759!5m2!1ses-419!2scl\" width=\"600\" height=\"450\" style=\"border:0;\" allowfullscreen=\"\" loading=\"lazy\" referrerpolicy=\"no-referrer-when-downgrade\"><\/iframe><\/div><\/div><\/div><\/div><\/div><\/div><div class=\"wpb_column vc_column_container vc_col-sm-12 vc_col-lg-6 vc_col-md-6 vc_col-has-fill\"><div class=\"vc_column-inner vc_custom_1495106021822\"><div class=\"wpb_wrapper\"><div id=\"ultimate-heading-2316a079377dcc5d\" class=\"uvc-heading ult-adjust-bottom-margin ultimate-heading-2316a079377dcc5d uvc-5941\" data-hspacer=\"no_spacer\"  data-halign=\"left\" style=\"text-align:left\"><div class=\"uvc-heading-spacer no_spacer\" style=\"top\"><\/div><div class=\"uvc-main-heading ult-responsive\"  data-ultimate-target='.uvc-heading.ultimate-heading-2316a079377dcc5d h2'  data-responsive-json-new='{\"font-size\":\"desktop:26px;\",\"line-height\":\"desktop:36px;\"}' ><h2 style=\"font-weight:bold;margin-bottom:30px;\">Formulario de contacto<\/h2><\/div><\/div>\n<div class=\"wpcf7 no-js\" id=\"wpcf7-f1311-o1\" lang=\"es-CL\" dir=\"ltr\" data-wpcf7-id=\"1311\">\n<div class=\"screen-reader-response\"><p role=\"status\" aria-live=\"polite\" aria-atomic=\"true\"><\/p> <ul><\/ul><\/div>\n<form action=\"\/es\/wp-json\/wp\/v2\/pages\/308#wpcf7-f1311-o1\" method=\"post\" class=\"wpcf7-form init\" aria-label=\"Formulario de contacto\" novalidate=\"novalidate\" data-status=\"init\" data-trp-original-action=\"\/es\/wp-json\/wp\/v2\/pages\/308#wpcf7-f1311-o1\">\n<fieldset class=\"hidden-fields-container\"><input type=\"hidden\" name=\"_wpcf7\" value=\"1311\" \/><input type=\"hidden\" name=\"_wpcf7_version\" value=\"6.1.5\" \/><input type=\"hidden\" name=\"_wpcf7_locale\" value=\"es_CL\" \/><input type=\"hidden\" name=\"_wpcf7_unit_tag\" value=\"wpcf7-f1311-o1\" \/><input type=\"hidden\" name=\"_wpcf7_container_post\" value=\"0\" \/><input type=\"hidden\" name=\"_wpcf7_posted_data_hash\" value=\"\" \/><input type=\"hidden\" name=\"_wpcf7_recaptcha_response\" value=\"\" \/>\n<\/fieldset>\n<p><label> Nombre y Apellido<br \/>\n<span class=\"wpcf7-form-control-wrap\" data-name=\"your-name\"><input size=\"40\" maxlength=\"400\" class=\"wpcf7-form-control wpcf7-text wpcf7-validates-as-required\" autocomplete=\"name\" aria-required=\"true\" aria-invalid=\"false\" value=\"\" type=\"text\" name=\"your-name\" \/><\/span> <\/label>\n<\/p>\n<p><label> Correo<br \/>\n<span class=\"wpcf7-form-control-wrap\" data-name=\"your-email\"><input size=\"40\" maxlength=\"400\" class=\"wpcf7-form-control wpcf7-email wpcf7-validates-as-required wpcf7-text wpcf7-validates-as-email\" autocomplete=\"email\" aria-required=\"true\" aria-invalid=\"false\" value=\"\" type=\"email\" name=\"your-email\" \/><\/span> <\/label>\n<\/p>\n<p><label> Asunto<br \/>\n<span class=\"wpcf7-form-control-wrap\" data-name=\"your-subject\"><input size=\"40\" maxlength=\"400\" class=\"wpcf7-form-control wpcf7-text wpcf7-validates-as-required\" aria-required=\"true\" aria-invalid=\"false\" value=\"\" type=\"text\" name=\"your-subject\" \/><\/span> <\/label>\n<\/p>\n<p><label> Tu mensaje<br \/>\n<span class=\"wpcf7-form-control-wrap\" data-name=\"your-message\"><textarea cols=\"40\" rows=\"10\" maxlength=\"2000\" class=\"wpcf7-form-control wpcf7-textarea\" aria-invalid=\"false\" name=\"your-message\"><\/textarea><\/span> <\/label>\n<\/p>\n<p><input class=\"wpcf7-form-control wpcf7-submit has-spinner\" type=\"submit\" value=\"Enviar\" \/>\n<\/p><input type='hidden' class='wpcf7-pum' value='{\"closepopup\":false,\"closedelay\":0,\"openpopup\":false,\"openpopup_id\":0}' \/><div class=\"wpcf7-response-output\" aria-hidden=\"true\"><\/div>\n<input type=\"hidden\" name=\"trp-form-language\" value=\"es\"\/><\/form>\n<\/div>\n<\/div><\/div><\/div><\/div>\n<\/section>","protected":false},"excerpt":{"rendered":"<p>Direcci\u00f3n18 de septiembre #525 of. 302, Temuco.Ll\u00e1manos+56 9 7979 1461Correocontacto@nomadesurconsultores.clUbicaci\u00f3nFormulario de contacto Nombre y Apellido Correo Asunto Tu mensaje<\/p>","protected":false},"author":1,"featured_media":0,"parent":0,"menu_order":4,"comment_status":"closed","ping_status":"closed","template":"","meta":{"footnotes":""},"class_list":["post-308","page","type-page","status-publish","hentry","description-off"],"_links":{"self":[{"href":"https:\/\/www.nomadesurconsultores.cl\/es\/wp-json\/wp\/v2\/pages\/308","targetHints":{"allow":["GET"]}}],"collection":[{"href":"https:\/\/www.nomadesurconsultores.cl\/es\/wp-json\/wp\/v2\/pages"}],"about":[{"href":"https:\/\/www.nomadesurconsultores.cl\/es\/wp-json\/wp\/v2\/types\/page"}],"author":[{"embeddable":true,"href":"https:\/\/www.nomadesurconsultores.cl\/es\/wp-json\/wp\/v2\/users\/1"}],"replies":[{"embeddable":true,"href":"https:\/\/www.nomadesurconsultores.cl\/es\/wp-json\/wp\/v2\/comments?post=308"}],"version-history":[{"count":19,"href":"https:\/\/www.nomadesurconsultores.cl\/es\/wp-json\/wp\/v2\/pages\/308\/revisions"}],"predecessor-version":[{"id":1750,"href":"https:\/\/www.nomadesurconsultores.cl\/es\/wp-json\/wp\/v2\/pages\/308\/revisions\/1750"}],"wp:attachment":[{"href":"https:\/\/www.nomadesurconsultores.cl\/es\/wp-json\/wp\/v2\/media?parent=308"}],"curies":[{"name":"wp","href":"https:\/\/api.w.org\/{rel}","templated":true}]}}